{"id":3358,"date":"2015-12-28T15:21:56","date_gmt":"2015-12-28T14:21:56","guid":{"rendered":"http:\/\/albanisch-muenchen.de\/?page_id=3358"},"modified":"2025-07-19T20:07:28","modified_gmt":"2025-07-19T18:07:28","slug":"impressum","status":"publish","type":"page","link":"https:\/\/albanisch-muenchen.de\/de\/impressum\/","title":{"rendered":"Impressum"},"content":{"rendered":"\n<style type=\"text\/css\" data-created_by=\"avia_inline_auto\" id=\"style-css-av-lidayl99-238ae0972d1db391ac1482a28ec579f4\">\n#top .av-special-heading.av-lidayl99-238ae0972d1db391ac1482a28ec579f4{\npadding-bottom:10px;\n}\nbody .av-special-heading.av-lidayl99-238ae0972d1db391ac1482a28ec579f4 .av-special-heading-tag .heading-char{\nfont-size:25px;\n}\n.av-special-heading.av-lidayl99-238ae0972d1db391ac1482a28ec579f4 .av-subheading{\nfont-size:15px;\n}\n<\/style>\n<div  class='av-special-heading av-lidayl99-238ae0972d1db391ac1482a28ec579f4 av-special-heading-h1  avia-builder-el-0  el_before_av_hr  avia-builder-el-first '><div id=\"ez-toc-container\" class=\"ez-toc-v2_0_82_2 counter-hierarchy ez-toc-counter ez-toc-grey ez-toc-container-direction\">\n<div class=\"ez-toc-title-container\">\n<p class=\"ez-toc-title ez-toc-toggle\" style=\"cursor:pointer\">Inhalt<\/p>\n<span class=\"ez-toc-title-toggle\"><a href=\"#\" class=\"ez-toc-pull-right ez-toc-btn ez-toc-btn-xs ez-toc-btn-default ez-toc-toggle\" aria-label=\"Toggle Table of Content\"><span class=\"ez-toc-js-icon-con\"><span class=\"\"><span class=\"eztoc-hide\" style=\"display:none;\">Toggle<\/span><span class=\"ez-toc-icon-toggle-span\"><svg style=\"fill: #999;color:#999\" xmlns=\"http:\/\/www.w3.org\/2000\/svg\" class=\"list-377408\" width=\"20px\" height=\"20px\" viewBox=\"0 0 24 24\" fill=\"none\"><path d=\"M6 6H4v2h2V6zm14 0H8v2h12V6zM4 11h2v2H4v-2zm16 0H8v2h12v-2zM4 16h2v2H4v-2zm16 0H8v2h12v-2z\" fill=\"currentColor\"><\/path><\/svg><svg style=\"fill: #999;color:#999\" class=\"arrow-unsorted-368013\" xmlns=\"http:\/\/www.w3.org\/2000\/svg\" width=\"10px\" height=\"10px\" viewBox=\"0 0 24 24\" version=\"1.2\" baseProfile=\"tiny\"><path d=\"M18.2 9.3l-6.2-6.3-6.2 6.3c-.2.2-.3.4-.3.7s.1.5.3.7c.2.2.4.3.7.3h11c.3 0 .5-.1.7-.3.2-.2.3-.5.3-.7s-.1-.5-.3-.7zM5.8 14.7l6.2 6.3 6.2-6.3c.2-.2.3-.5.3-.7s-.1-.5-.3-.7c-.2-.2-.4-.3-.7-.3h-11c-.3 0-.5.1-.7.3-.2.2-.3.5-.3.7s.1.5.3.7z\"\/><\/svg><\/span><\/span><\/span><\/a><\/span><\/div>\n<nav><ul class='ez-toc-list ez-toc-list-level-1 ' ><li class='ez-toc-page-1 ez-toc-heading-level-1'><a class=\"ez-toc-link ez-toc-heading-1\" href=\"https:\/\/albanisch-muenchen.de\/de\/impressum\/#Jonida_Xhyra-Entorf\" >Jonida Xhyra-Entorf<\/a><ul class='ez-toc-list-level-3' ><li class='ez-toc-heading-level-3'><ul class='ez-toc-list-level-3' ><li class='ez-toc-heading-level-3'><a class=\"ez-toc-link ez-toc-heading-2\" href=\"https:\/\/albanisch-muenchen.de\/de\/impressum\/#Impressum\" >Impressum<\/a><\/li><\/ul><\/li><\/ul><\/li><li class='ez-toc-page-1 ez-toc-heading-level-1'><a class=\"ez-toc-link ez-toc-heading-3\" href=\"https:\/\/albanisch-muenchen.de\/de\/impressum\/#Impressum-2\" >Impressum<\/a><ul class='ez-toc-list-level-2' ><li class='ez-toc-heading-level-2'><a class=\"ez-toc-link ez-toc-heading-4\" href=\"https:\/\/albanisch-muenchen.de\/de\/impressum\/#Kontakt\" >Kontakt<\/a><\/li><li class='ez-toc-page-1 ez-toc-heading-level-2'><a class=\"ez-toc-link ez-toc-heading-5\" href=\"https:\/\/albanisch-muenchen.de\/de\/impressum\/#Umsatzsteuer-ID\" >Umsatzsteuer-ID<\/a><\/li><li class='ez-toc-page-1 ez-toc-heading-level-2'><a class=\"ez-toc-link ez-toc-heading-6\" href=\"https:\/\/albanisch-muenchen.de\/de\/impressum\/#Angaben_zur_Berufshaftpflichtversicherung\" >Angaben zur Berufs\u00adhaftpflicht\u00adversicherung<\/a><ul class='ez-toc-list-level-3' ><li class='ez-toc-heading-level-3'><a class=\"ez-toc-link ez-toc-heading-7\" href=\"https:\/\/albanisch-muenchen.de\/de\/impressum\/#Teilnahme_am_Schlichtungsverfahren\" >Teilnahme am Schlichtungsverfahren<\/a><\/li><li class='ez-toc-page-1 ez-toc-heading-level-3'><a class=\"ez-toc-link ez-toc-heading-8\" href=\"https:\/\/albanisch-muenchen.de\/de\/impressum\/#Bankverbindung\" >Bankverbindung<\/a><ul class='ez-toc-list-level-4' ><li class='ez-toc-heading-level-4'><a class=\"ez-toc-link ez-toc-heading-9\" href=\"https:\/\/albanisch-muenchen.de\/de\/impressum\/#Inhaltlich_verantwortlich_gemaess_%C2%A7_10_Absatz_3_MDStV\" >Inhaltlich verantwortlich gem\u00e4\u00df \u00a7 10 Absatz 3 MDStV<\/a><\/li><li class='ez-toc-page-1 ez-toc-heading-level-4'><a class=\"ez-toc-link ez-toc-heading-10\" href=\"https:\/\/albanisch-muenchen.de\/de\/impressum\/#Domain-Inhaber_und_Layout\" >Domain-Inhaber und Layout<\/a><\/li><li class='ez-toc-page-1 ez-toc-heading-level-4'><a class=\"ez-toc-link ez-toc-heading-11\" href=\"https:\/\/albanisch-muenchen.de\/de\/impressum\/#Quellenangaben_fuer_die_verwendeten_Bilder_und_Grafiken\" >Quellenangaben f\u00fcr die verwendeten Bilder und Grafiken<\/a><\/li><\/ul><\/li><\/ul><\/li><\/ul><\/li><\/ul><\/nav><\/div>\n<h1 class='av-special-heading-tag '  itemprop=\"headline\"  ><span class=\"ez-toc-section\" id=\"Jonida_Xhyra-Entorf\"><\/span>Jonida Xhyra-Entorf<span class=\"ez-toc-section-end\"><\/span><\/h1><div class=\"special-heading-border\"><div class=\"special-heading-inner-border\"><\/div><\/div><\/div>\n\n<style type=\"text\/css\" data-created_by=\"avia_inline_auto\" id=\"style-css-av-lidayu05-50942ab021f6ffd7aa5631fdd56e843e\">\n#top .hr.hr-invisible.av-lidayu05-50942ab021f6ffd7aa5631fdd56e843e{\nmargin-top:-20px;\nheight:1px;\n}\n<\/style>\n<div  class='hr av-lidayu05-50942ab021f6ffd7aa5631fdd56e843e hr-invisible  avia-builder-el-1  el_after_av_heading  el_before_av_heading '><span class='hr-inner '><span class=\"hr-inner-style\"><\/span><\/span><\/div>\n\n<style type=\"text\/css\" data-created_by=\"avia_inline_auto\" id=\"style-css-av-286372-1326da99462bdf0ba06a200147a387a9\">\n#top .av-special-heading.av-286372-1326da99462bdf0ba06a200147a387a9{\npadding-bottom:10px;\n}\nbody .av-special-heading.av-286372-1326da99462bdf0ba06a200147a387a9 .av-special-heading-tag .heading-char{\nfont-size:25px;\n}\n.av-special-heading.av-286372-1326da99462bdf0ba06a200147a387a9 .av-subheading{\nfont-size:10px;\n}\n<\/style>\n<div  class='av-special-heading av-286372-1326da99462bdf0ba06a200147a387a9 av-special-heading-h3  avia-builder-el-2  el_after_av_hr  el_before_av_one_third '><h3 class='av-special-heading-tag '  itemprop=\"headline\"  ><span class=\"ez-toc-section\" id=\"Impressum\"><\/span>Impressum<span class=\"ez-toc-section-end\"><\/span><\/h3><div class=\"special-heading-border\"><div class=\"special-heading-inner-border\"><\/div><\/div><\/div>\n\n<style type=\"text\/css\" data-created_by=\"avia_inline_auto\" id=\"style-css-av-p4dary-f46d520e7520da9bc3eee2f0425887dc\">\n.flex_column.av-p4dary-f46d520e7520da9bc3eee2f0425887dc{\nborder-radius:0px 0px 0px 0px;\npadding:0px 0px 0px 0px;\n}\n<\/style>\n<div  class='flex_column av-p4dary-f46d520e7520da9bc3eee2f0425887dc av_one_third  avia-builder-el-3  el_after_av_heading  el_before_av_two_third  first flex_column_div av-zero-column-padding  '     ><style type=\"text\/css\" data-created_by=\"avia_inline_auto\" id=\"style-css-av-oprr0u-1157e11902b8f828ffb46ab616214a39\">\n.avia-image-container.av-oprr0u-1157e11902b8f828ffb46ab616214a39 img.avia_image{\nbox-shadow:none;\n}\n.avia-image-container.av-oprr0u-1157e11902b8f828ffb46ab616214a39 .av-image-caption-overlay-center{\ncolor:#ffffff;\n}\n<\/style>\n<div  class='avia-image-container av-oprr0u-1157e11902b8f828ffb46ab616214a39 av-styling- avia-align-center  avia-builder-el-4  avia-builder-el-no-sibling '   itemprop=\"image\" itemscope=\"itemscope\" itemtype=\"https:\/\/schema.org\/ImageObject\" ><div class=\"avia-image-container-inner\"><div class=\"avia-image-overlay-wrap\"><img decoding=\"async\" fetchpriority=\"high\" class=\"wp-image-4367 avia-img-lazy-loading-not-4367 avia_image \" src=\"https:\/\/albanisch-muenchen.de\/wp-content\/uploads\/2015\/12\/Impressum-500px-300x200.jpg\" alt=\"\" title=\"Impressum 500px\" height=\"200\" width=\"300\" itemprop=\"thumbnailUrl\" srcset=\"https:\/\/albanisch-muenchen.de\/wp-content\/uploads\/2015\/12\/Impressum-500px-300x200.jpg 300w, https:\/\/albanisch-muenchen.de\/wp-content\/uploads\/2015\/12\/Impressum-500px-450x301.jpg 450w, https:\/\/albanisch-muenchen.de\/wp-content\/uploads\/2015\/12\/Impressum-500px.jpg 500w\" sizes=\"(max-width: 300px) 100vw, 300px\"><\/div><\/div><\/div><\/div>\n\n<style type=\"text\/css\" data-created_by=\"avia_inline_auto\" id=\"style-css-av-lsvtdq-ec9489c9db14611c34f6b6a4730da9e6\">\n.flex_column.av-lsvtdq-ec9489c9db14611c34f6b6a4730da9e6{\nborder-radius:0px 0px 0px 0px;\npadding:0px 0px 0px 0px;\n}\n<\/style>\n<div  class='flex_column av-lsvtdq-ec9489c9db14611c34f6b6a4730da9e6 av_two_third  avia-builder-el-5  el_after_av_one_third  el_before_av_hr  flex_column_div av-zero-column-padding  '     ><section  class='av_textblock_section av-kkzydq-f04bafa07af649bbb7e4e43ac9f655ce '   itemscope=\"itemscope\" itemtype=\"https:\/\/schema.org\/CreativeWork\" ><div class='avia_textblock'  itemprop=\"text\" ><h4><\/h4>\n<p>Dr. phil. Jonida Xhyra-Entorf<br \/>\n\u00d6ffentlich bestellte und beeidigte Urkunden\u00fcbersetzerin, beeidigte Verhandlungsdolmetscherin und Sprachlehrerin f\u00fcr die albanische Sprache<br \/>\nMitglied im BD\u00dc<br \/>\nKlingerstra\u00dfe 28<br \/>\nD-81369 M\u00fcnchen<br \/>\nGermany<\/p>\n<\/div><\/section><\/div>\n\n<style type=\"text\/css\" data-created_by=\"avia_inline_auto\" id=\"style-css-av-kxw4r1hc-643bd33873726426e919308c33847d6b\">\n#top .hr.hr-invisible.av-kxw4r1hc-643bd33873726426e919308c33847d6b{\nheight:20px;\n}\n<\/style>\n<div  class='hr av-kxw4r1hc-643bd33873726426e919308c33847d6b hr-invisible  avia-builder-el-7  el_after_av_two_third  el_before_av_textblock '><span class='hr-inner '><span class=\"hr-inner-style\"><\/span><\/span><\/div>\n<section  class='av_textblock_section av-iwdta6-0c0f9ad2e79bf18e9c7e693e8cc891ad '   itemscope=\"itemscope\" itemtype=\"https:\/\/schema.org\/CreativeWork\" ><div class='avia_textblock'  itemprop=\"text\" ><h1><span class=\"ez-toc-section\" id=\"Impressum-2\"><\/span>Impressum<span class=\"ez-toc-section-end\"><\/span><\/h1>\n<p>Jonida Xhyra-Entorf<br \/>\nDr. Jonida Xhyra-Entorf<br \/>\nKlingerstra\u00dfe 28<br \/>\n81369 M\u00fcnchen<\/p>\n<h2><span class=\"ez-toc-section\" id=\"Kontakt\"><\/span>Kontakt<span class=\"ez-toc-section-end\"><\/span><\/h2>\n<p>Telefon: +491796701541<br \/>\nE-Mail: info@xhyra-entorf.de<\/p>\n<h2><span class=\"ez-toc-section\" id=\"Umsatzsteuer-ID\"><\/span>Umsatzsteuer-ID<span class=\"ez-toc-section-end\"><\/span><\/h2>\n<p>Umsatzsteuer-Identifikationsnummer gem\u00e4\u00df \u00a7 27 a Umsatzsteuergesetz:<br \/>\n144\/222\/00275<\/p>\n<h2><span class=\"ez-toc-section\" id=\"Angaben_zur_Berufshaftpflichtversicherung\"><\/span>Angaben zur Berufs\u00adhaftpflicht\u00adversicherung<span class=\"ez-toc-section-end\"><\/span><\/h2>\n<p><strong>Name und Sitz des Versicherers:<\/strong><br \/>\nW\u00fcrttembergischen Versicherung<br \/>\nPostfach 100219<br \/>\n76232 Karlsruhe<br \/>\nDeutschland<\/p>\n<p><strong>Geltungsraum der Versicherung:<\/strong><br \/>\nEurop\u00e4ischen Union und Schweiz.<\/p>\n<h3><span class=\"ez-toc-section\" id=\"Teilnahme_am_Schlichtungsverfahren\"><\/span>Teilnahme am Schlichtungsverfahren<span class=\"ez-toc-section-end\"><\/span><\/h3>\n<p><strong>Verbraucherstreitbeilegung\/Universalschlichtungsstelle<\/strong><strong><br \/>\n<\/strong>Wir nehmen an einem Streitbeilegungsverfahren vor einer Verbraucherschlichtungsstelle teil. Zust\u00e4ndig ist die Universalschlichtungsstelle des Zentrums f\u00fcr Schlichtung e.V., Stra\u00dfburger Stra\u00dfe 8, 77694 Kehl am Rhein (<a href=\"https:\/\/www.verbraucher-schlichter.de\" target=\"_blank\" rel=\"noopener\"><u>https:\/\/www.verbraucher-schlichter.de<\/u><\/a>).<\/p>\n<\/div><\/section>\n\n<style type=\"text\/css\" data-created_by=\"avia_inline_auto\" id=\"style-css-av-14wc4u-9b7ba827c3b261be046f3567a5d43e11\">\n#top .hr.hr-invisible.av-14wc4u-9b7ba827c3b261be046f3567a5d43e11{\nheight:20px;\n}\n<\/style>\n<div  class='hr av-14wc4u-9b7ba827c3b261be046f3567a5d43e11 hr-invisible  avia-builder-el-9  el_after_av_textblock  el_before_av_textblock '><span class='hr-inner '><span class=\"hr-inner-style\"><\/span><\/span><\/div>\n<section  class='av_textblock_section av-fmdhgu-2fef01e7ecbc30c22c83cd41744ac5a8 '   itemscope=\"itemscope\" itemtype=\"https:\/\/schema.org\/CreativeWork\" ><div class='avia_textblock'  itemprop=\"text\" ><h3><span class=\"ez-toc-section\" id=\"Bankverbindung\"><\/span>Bankverbindung<span class=\"ez-toc-section-end\"><\/span><\/h3>\n<p>Commerzbank M\u00fcnchen<br \/>\nBLZ 700 800 00<br \/>\nKonto: 0750 359300<br \/>\nBIC\/SWIFT: DRESDEFF700<br \/>\nIBAN: DE36 7008 0000 0750 3593 00<\/p>\n<h4><span class=\"ez-toc-section\" id=\"Inhaltlich_verantwortlich_gemaess_%C2%A7_10_Absatz_3_MDStV\"><\/span>Inhaltlich verantwortlich gem\u00e4\u00df \u00a7 10 Absatz 3 MDStV<span class=\"ez-toc-section-end\"><\/span><\/h4>\n<p>Dr. Jonida Xhyra-Entorf (Anschrift und Kontakt siehe oben)<\/p>\n<h4><span class=\"ez-toc-section\" id=\"Domain-Inhaber_und_Layout\"><\/span>Domain-Inhaber und Layout<span class=\"ez-toc-section-end\"><\/span><\/h4>\n<p>Klaus-Peter Entorf (Anschrift und Kontakt siehe oben)<\/p>\n<\/div><\/section>\n\n<style type=\"text\/css\" data-created_by=\"avia_inline_auto\" id=\"style-css-av-dpfhm6-d4ce41aa12d23d521154540bd9626b68\">\n#top .hr.hr-invisible.av-dpfhm6-d4ce41aa12d23d521154540bd9626b68{\nheight:20px;\n}\n<\/style>\n<div  class='hr av-dpfhm6-d4ce41aa12d23d521154540bd9626b68 hr-invisible  avia-builder-el-11  el_after_av_textblock  el_before_av_textblock '><span class='hr-inner '><span class=\"hr-inner-style\"><\/span><\/span><\/div>\n<section  class='av_textblock_section av-i1bexq-b6201ffcf25eba74609ecb804d7ca56a '   itemscope=\"itemscope\" itemtype=\"https:\/\/schema.org\/CreativeWork\" ><div class='avia_textblock'  itemprop=\"text\" ><h4><span class=\"ez-toc-section\" id=\"Quellenangaben_fuer_die_verwendeten_Bilder_und_Grafiken\"><\/span>Quellenangaben f\u00fcr die verwendeten Bilder und Grafiken<span class=\"ez-toc-section-end\"><\/span><\/h4>\n<p>AGB:<br \/>\nAGB \u00a9 blende11.photo \u2013 Fotolia.com<\/p>\n<p>Startseite:<br \/>\nFoto \u00a9 Dr. J. Xhyra-Entorf<br \/>\nOnline translation service concept \u00a9 cienpies \u2013 Fotolia.com<br \/>\nFl\u00fcstern \u00a9 psdesign1 \u2013 Fotolia.com<br \/>\nBlanko Tafel mit Kreide und Strich \u00a9 Robert Kneschke \u2013 Fotolia.com<br \/>\nbooks front green blackboard \u00a9 Cherries \u2013 Fotolia.com<br \/>\nParagraph sign on the vintage book \u00a9 Maksym Yemelyanov \u2013 Fotolia.com<br \/>\nFemale accountant headset online meeting@ agenturfotografin- Adobe Stock Photo<br \/>\n3d illustration of bright empty classroom for lessons and training \u00a9\u00a0 \u2013 Fotolia.com<\/p>\n<p>Datenschutz:<br \/>\nKeyboard and open padlock\u00a9iStockphoto.com\/Rallef<\/p>\n<p>Dolmetschen:<br \/>\nFemale accountant headset online meeting\u00a9Adobe Stock Photo\/agenturfotografin<\/p>\n<p>Impressum:<br \/>\nImpressum \u00a9 Marco2811 \u2013 Fotolia.com<\/p>\n<p>Kontakt:<br \/>\nContact us &#8211; Set of blue buttons \u00a9 dehweh \u2013 Fotolia.com<\/p>\n<p>Links:<br \/>\n3d Links \u00a9 fotomek \u2013 Fotolia.com<\/p>\n<p>Preise:<br \/>\nTaschenrechner \u00a9 pfpgroup \u2013 Fotolia.com<\/p>\n<p>Qualifikationen:<br \/>\nDr. J. Xhyra-Entorf \u00a9 Dr. J. Xhyra-Entorf<br \/>\nBD\u00dc \u00a9 BD\u00dc<br \/>\nAbschluss Diplom \u00a9 fotomek \u2013 Fotolia.com<\/p>\n<p>Referenzen:<br \/>\nhand holding a white business card on a blue background \u00a9 projectio \u2013 Fotolia.com<\/p>\n<p>Sprachen lernen:<br \/>\n3d illustration of bright empty classroom for lessons and training \u00a9 sveta \u2013 Fotolia.com<\/p>\n<p>\u00dcber die Sprache:<br \/>\nSprachraum Albanisch \u00a9 Dr. J. Xhyra-Entorf<\/p>\n<p>\u00dcbersetzen:<br \/>\nParagraph sign on the vintage book \u00a9 Maksym Yemelyanov \u2013 Fotolia.com<\/p>\n<p>Ver\u00f6ffentlichungen:<br \/>\nBuchtitel \u00a9 Harassowitz.de<\/p>\n<\/div><\/section>\n<div  class='hr av-36eari-25534200cb045395340173ab4b7ff4a1 hr-default  avia-builder-el-13  el_after_av_textblock  el_before_av_one_full '><span class='hr-inner '><span class=\"hr-inner-style\"><\/span><\/span><\/div>\n\n<style type=\"text\/css\" data-created_by=\"avia_inline_auto\" id=\"style-css-av-8zm8ge-d8cdbcbaa4548b0c10124372f8e127bf\">\n.flex_column.av-8zm8ge-d8cdbcbaa4548b0c10124372f8e127bf{\nborder-radius:0px 0px 0px 0px;\npadding:0px 0px 0px 0px;\n}\n<\/style>\n<div  class='flex_column av-8zm8ge-d8cdbcbaa4548b0c10124372f8e127bf av_one_full  avia-builder-el-14  el_after_av_hr  el_before_av_button  first flex_column_div av-zero-column-padding  '     ><section  class='av_textblock_section av-7wlp6m-9a7552bd9962fad87cf12bb0f0c2f11a '   itemscope=\"itemscope\" itemtype=\"https:\/\/schema.org\/CreativeWork\" ><div class='avia_textblock'  itemprop=\"text\" ><p>Layout basiert auf der WordPress-Vorlage Enfold<\/p>\n<p>Quelle: <em><a href=\"http:\/\/www.e-recht24.de\" rel=\"nofollow noopener\" target=\"_blank\">http:\/\/www.e-recht24.de<\/a><\/em><\/p>\n<\/div><\/section><\/div>\n<div  class='avia-button-wrap av-libvwr2h-24c7bc10127f249bf561370a142bc600-wrap avia-button-center  avia-builder-el-16  el_after_av_one_full  el_before_av_hr '><a href=\"https:\/\/albanisch-muenchen.de\/de\/\" class=\"avia-button av-libvwr2h-24c7bc10127f249bf561370a142bc600 av-link-btn avia-icon_select-yes-left-icon avia-size-small avia-position-center avia-color-theme-color\" aria-label=\"Zur\u00fcck zur Startseite\"><span class='avia_button_icon avia_button_icon_left avia-iconfont avia-font-entypo-fontello' data-av_icon='\ue821' data-av_iconfont='entypo-fontello' ><\/span><span class='avia_iconbox_title' >Zur\u00fcck zur Startseite<\/span><\/a><\/div>\n<div  class='hr av-2h65v2-0610399f5190124c38442874486dce46 hr-default  avia-builder-el-17  el_after_av_button  avia-builder-el-last '><span class='hr-inner '><span class=\"hr-inner-style\"><\/span><\/span><\/div>\n","protected":false},"excerpt":{"rendered":"","protected":false},"author":1,"featured_media":0,"parent":0,"menu_order":0,"comment_status":"closed","ping_status":"closed","template":"","meta":{"footnotes":""},"class_list":["post-3358","page","type-page","status-publish","hentry"],"_links":{"self":[{"href":"https:\/\/albanisch-muenchen.de\/de\/wp-json\/wp\/v2\/pages\/3358","targetHints":{"allow":["GET"]}}],"collection":[{"href":"https:\/\/albanisch-muenchen.de\/de\/wp-json\/wp\/v2\/pages"}],"about":[{"href":"https:\/\/albanisch-muenchen.de\/de\/wp-json\/wp\/v2\/types\/page"}],"author":[{"embeddable":true,"href":"https:\/\/albanisch-muenchen.de\/de\/wp-json\/wp\/v2\/users\/1"}],"replies":[{"embeddable":true,"href":"https:\/\/albanisch-muenchen.de\/de\/wp-json\/wp\/v2\/comments?post=3358"}],"version-history":[{"count":4,"href":"https:\/\/albanisch-muenchen.de\/de\/wp-json\/wp\/v2\/pages\/3358\/revisions"}],"predecessor-version":[{"id":9248,"href":"https:\/\/albanisch-muenchen.de\/de\/wp-json\/wp\/v2\/pages\/3358\/revisions\/9248"}],"wp:attachment":[{"href":"https:\/\/albanisch-muenchen.de\/de\/wp-json\/wp\/v2\/media?parent=3358"}],"curies":[{"name":"wp","href":"https:\/\/api.w.org\/{rel}","templated":true}]}}