{"id":4659,"date":"2017-10-29T14:19:59","date_gmt":"2017-10-29T13:19:59","guid":{"rendered":"https:\/\/albanisch-muenchen.de\/?page_id=4659"},"modified":"2023-06-01T17:43:45","modified_gmt":"2023-06-01T15:43:45","slug":"preise","status":"publish","type":"page","link":"https:\/\/albanisch-muenchen.de\/de\/preise\/","title":{"rendered":"Preise"},"content":{"rendered":"\n<style type=\"text\/css\" data-created_by=\"avia_inline_auto\" id=\"style-css-av-lidb2zxn-a5619fc53dd0e1365549751adc3410d0\">\n#top .av-special-heading.av-lidb2zxn-a5619fc53dd0e1365549751adc3410d0{\npadding-bottom:10px;\n}\nbody .av-special-heading.av-lidb2zxn-a5619fc53dd0e1365549751adc3410d0 .av-special-heading-tag .heading-char{\nfont-size:25px;\n}\n.av-special-heading.av-lidb2zxn-a5619fc53dd0e1365549751adc3410d0 .av-subheading{\nfont-size:15px;\n}\n<\/style>\n<div  class='av-special-heading av-lidb2zxn-a5619fc53dd0e1365549751adc3410d0 av-special-heading-h1  avia-builder-el-0  el_before_av_hr  avia-builder-el-first '><div id=\"ez-toc-container\" class=\"ez-toc-v2_0_82_2 counter-hierarchy ez-toc-counter ez-toc-grey ez-toc-container-direction\">\n<div class=\"ez-toc-title-container\">\n<p class=\"ez-toc-title ez-toc-toggle\" style=\"cursor:pointer\">Inhalt<\/p>\n<span class=\"ez-toc-title-toggle\"><a href=\"#\" class=\"ez-toc-pull-right ez-toc-btn ez-toc-btn-xs ez-toc-btn-default ez-toc-toggle\" aria-label=\"Toggle Table of Content\"><span class=\"ez-toc-js-icon-con\"><span class=\"\"><span class=\"eztoc-hide\" style=\"display:none;\">Toggle<\/span><span class=\"ez-toc-icon-toggle-span\"><svg style=\"fill: #999;color:#999\" xmlns=\"http:\/\/www.w3.org\/2000\/svg\" class=\"list-377408\" width=\"20px\" height=\"20px\" viewBox=\"0 0 24 24\" fill=\"none\"><path d=\"M6 6H4v2h2V6zm14 0H8v2h12V6zM4 11h2v2H4v-2zm16 0H8v2h12v-2zM4 16h2v2H4v-2zm16 0H8v2h12v-2z\" fill=\"currentColor\"><\/path><\/svg><svg style=\"fill: #999;color:#999\" class=\"arrow-unsorted-368013\" xmlns=\"http:\/\/www.w3.org\/2000\/svg\" width=\"10px\" height=\"10px\" viewBox=\"0 0 24 24\" version=\"1.2\" baseProfile=\"tiny\"><path d=\"M18.2 9.3l-6.2-6.3-6.2 6.3c-.2.2-.3.4-.3.7s.1.5.3.7c.2.2.4.3.7.3h11c.3 0 .5-.1.7-.3.2-.2.3-.5.3-.7s-.1-.5-.3-.7zM5.8 14.7l6.2 6.3 6.2-6.3c.2-.2.3-.5.3-.7s-.1-.5-.3-.7c-.2-.2-.4-.3-.7-.3h-11c-.3 0-.5.1-.7.3-.2.2-.3.5-.3.7s.1.5.3.7z\"\/><\/svg><\/span><\/span><\/span><\/a><\/span><\/div>\n<nav><ul class='ez-toc-list ez-toc-list-level-1 ' ><li class='ez-toc-page-1 ez-toc-heading-level-1'><a class=\"ez-toc-link ez-toc-heading-1\" href=\"https:\/\/albanisch-muenchen.de\/de\/preise\/#Jonida_Xhyra-Entorf\" >Jonida Xhyra-Entorf<\/a><ul class='ez-toc-list-level-2' ><li class='ez-toc-heading-level-2'><a class=\"ez-toc-link ez-toc-heading-2\" href=\"https:\/\/albanisch-muenchen.de\/de\/preise\/#Welche_Preise_koennen_sie_erwarten\" >Welche Preise k\u00f6nnen sie erwarten?<\/a><ul class='ez-toc-list-level-5' ><li class='ez-toc-heading-level-5'><ul class='ez-toc-list-level-5' ><li class='ez-toc-heading-level-5'><ul class='ez-toc-list-level-5' ><li class='ez-toc-heading-level-5'><a class=\"ez-toc-link ez-toc-heading-3\" href=\"https:\/\/albanisch-muenchen.de\/de\/preise\/#Die_Berechnung_des_Preises_ist_abhaengig_von_der_gewuenschten_Taetigkeit\" >Die Berechnung des Preises ist abh\u00e4ngig von der gew\u00fcnschten T\u00e4tigkeit.<\/a><\/li><\/ul><\/li><\/ul><\/li><li class='ez-toc-page-1 ez-toc-heading-level-3'><a class=\"ez-toc-link ez-toc-heading-4\" href=\"https:\/\/albanisch-muenchen.de\/de\/preise\/#Uebersetzen\" >\u00dcbersetzen<\/a><\/li><li class='ez-toc-page-1 ez-toc-heading-level-3'><a class=\"ez-toc-link ez-toc-heading-5\" href=\"https:\/\/albanisch-muenchen.de\/de\/preise\/#Dolmetschen\" >Dolmetschen<\/a><\/li><li class='ez-toc-page-1 ez-toc-heading-level-3'><a class=\"ez-toc-link ez-toc-heading-6\" href=\"https:\/\/albanisch-muenchen.de\/de\/preise\/#Albanisch_oder_Deutsch_lernen\" >Albanisch oder Deutsch lernen<\/a><\/li><\/ul><\/li><\/ul><\/li><\/ul><\/nav><\/div>\n<h1 class='av-special-heading-tag '  itemprop=\"headline\"  ><span class=\"ez-toc-section\" id=\"Jonida_Xhyra-Entorf\"><\/span>Jonida Xhyra-Entorf<span class=\"ez-toc-section-end\"><\/span><\/h1><div class=\"special-heading-border\"><div class=\"special-heading-inner-border\"><\/div><\/div><\/div>\n\n<style type=\"text\/css\" data-created_by=\"avia_inline_auto\" id=\"style-css-av-lidb37cb-cbc6acc984d1145e678b5b003e1a7c90\">\n#top .hr.hr-invisible.av-lidb37cb-cbc6acc984d1145e678b5b003e1a7c90{\nmargin-top:-20px;\nheight:1px;\n}\n<\/style>\n<div  class='hr av-lidb37cb-cbc6acc984d1145e678b5b003e1a7c90 hr-invisible  avia-builder-el-1  el_after_av_heading  el_before_av_heading '><span class='hr-inner '><span class=\"hr-inner-style\"><\/span><\/span><\/div>\n\n<style type=\"text\/css\" data-created_by=\"avia_inline_auto\" id=\"style-css-av-1gvlc2b-e296d33a1649d5f03b5a5f33ca729765\">\n#top .av-special-heading.av-1gvlc2b-e296d33a1649d5f03b5a5f33ca729765{\npadding-bottom:10px;\n}\nbody .av-special-heading.av-1gvlc2b-e296d33a1649d5f03b5a5f33ca729765 .av-special-heading-tag .heading-char{\nfont-size:25px;\n}\n.av-special-heading.av-1gvlc2b-e296d33a1649d5f03b5a5f33ca729765 .av-subheading{\nfont-size:10px;\n}\n<\/style>\n<div  class='av-special-heading av-1gvlc2b-e296d33a1649d5f03b5a5f33ca729765 av-special-heading-h2  avia-builder-el-2  el_after_av_hr  el_before_av_one_third '><h2 class='av-special-heading-tag '  itemprop=\"headline\"  ><span class=\"ez-toc-section\" id=\"Welche_Preise_koennen_sie_erwarten\"><\/span>Welche Preise k\u00f6nnen sie erwarten?<span class=\"ez-toc-section-end\"><\/span><\/h2><div class=\"special-heading-border\"><div class=\"special-heading-inner-border\"><\/div><\/div><\/div>\n\n<style type=\"text\/css\" data-created_by=\"avia_inline_auto\" id=\"style-css-av-50iihv-d5c17c0150a962aed98072e2bfab4b13\">\n.flex_column.av-50iihv-d5c17c0150a962aed98072e2bfab4b13{\nborder-radius:0px 0px 0px 0px;\npadding:0px 0px 0px 0px;\n}\n<\/style>\n<div  class='flex_column av-50iihv-d5c17c0150a962aed98072e2bfab4b13 av_one_third  avia-builder-el-3  el_after_av_heading  el_before_av_two_third  first flex_column_div av-zero-column-padding  '     ><style type=\"text\/css\" data-created_by=\"avia_inline_auto\" id=\"style-css-av-1cdb7pf-22a2af995f54c04fa0cc6cdf1d5cea61\">\n.avia-image-container.av-1cdb7pf-22a2af995f54c04fa0cc6cdf1d5cea61 img.avia_image{\nbox-shadow:none;\n}\n.avia-image-container.av-1cdb7pf-22a2af995f54c04fa0cc6cdf1d5cea61 .av-image-caption-overlay-center{\ncolor:#ffffff;\n}\n<\/style>\n<div  class='avia-image-container av-1cdb7pf-22a2af995f54c04fa0cc6cdf1d5cea61 av-styling- avia-align-left  avia-builder-el-4  avia-builder-el-no-sibling '   itemprop=\"image\" itemscope=\"itemscope\" itemtype=\"https:\/\/schema.org\/ImageObject\" ><div class=\"avia-image-container-inner\"><div class=\"avia-image-overlay-wrap\"><img decoding=\"async\" fetchpriority=\"high\" class='wp-image-4358 avia-img-lazy-loading-not-4358 avia_image ' src=\"https:\/\/albanisch-muenchen.de\/wp-content\/uploads\/2016\/07\/Taschenrechner-400px-300x200.jpg\" alt='Preise' title='Taschenrechner'  height=\"200\" width=\"300\"  itemprop=\"thumbnailUrl\" srcset=\"https:\/\/albanisch-muenchen.de\/wp-content\/uploads\/2016\/07\/Taschenrechner-400px-300x200.jpg 300w, https:\/\/albanisch-muenchen.de\/wp-content\/uploads\/2016\/07\/Taschenrechner-400px.jpg 400w\" sizes=\"(max-width: 300px) 100vw, 300px\" \/><\/div><\/div><\/div><\/div>\n\n<style type=\"text\/css\" data-created_by=\"avia_inline_auto\" id=\"style-css-av-1au9h43-bf6baa8561a336437aebdca94511f887\">\n.flex_column.av-1au9h43-bf6baa8561a336437aebdca94511f887{\nborder-radius:0px 0px 0px 0px;\npadding:0px 0px 0px 0px;\n}\n<\/style>\n<div  class='flex_column av-1au9h43-bf6baa8561a336437aebdca94511f887 av_two_third  avia-builder-el-5  el_after_av_one_third  el_before_av_hr  flex_column_div av-zero-column-padding  '     ><section  class='av_textblock_section av-19jvdnn-23648e0c967ecaced25f9bd75c424037 '   itemscope=\"itemscope\" itemtype=\"https:\/\/schema.org\/CreativeWork\" ><div class='avia_textblock'  itemprop=\"text\" ><p>Bei der Preisgestaltung spielen f\u00fcr mich Verl\u00e4sslichkeit und Fairness die entscheidende Rolle.<\/p>\n<p>Daher biete ich Ihnen in meinem Angebot im Allgemeinen Festpreise an, die auf dem mir bekannten \u00dcbersetzungsvolumen, dem Abgabetermin und weiteren mir bekannten Informationen basieren. Sofern sich dies nicht \u00e4ndert, sehe ich mich daran gebunden. F\u00fcr Sie als Kunde bedeutet dies Planbarkeit, denn zu dem von mir genannten Preis kommen nur noch eventuelle Portokosten dazu.<\/p>\n<p>Sie kennen das endg\u00fcltige \u00dcbersetzungsvolumen noch nicht? Kein Problem, denn f\u00fcr solche F\u00e4lle kann ich Ihnen attraktive auf sie ma\u00dfgeschneiderte Konditionen anbieten.<\/p>\n<\/div><\/section><\/div>\n\n<style type=\"text\/css\" data-created_by=\"avia_inline_auto\" id=\"style-css-av-17skcwj-b79e8a671e1cc938e6076d7f5f037ef4\">\n#top .hr.hr-invisible.av-17skcwj-b79e8a671e1cc938e6076d7f5f037ef4{\nheight:20px;\n}\n<\/style>\n<div  class='hr av-17skcwj-b79e8a671e1cc938e6076d7f5f037ef4 hr-invisible  avia-builder-el-7  el_after_av_two_third  el_before_av_textblock '><span class='hr-inner '><span class=\"hr-inner-style\"><\/span><\/span><\/div>\n<section  class='av_textblock_section av-16z96sj-eb38cae00c14884822b829240629c9a9 '   itemscope=\"itemscope\" itemtype=\"https:\/\/schema.org\/CreativeWork\" ><div class='avia_textblock'  itemprop=\"text\" ><h5><span class=\"ez-toc-section\" id=\"Die_Berechnung_des_Preises_ist_abhaengig_von_der_gewuenschten_Taetigkeit\"><\/span>Die Berechnung des Preises ist abh\u00e4ngig von der gew\u00fcnschten T\u00e4tigkeit.<span class=\"ez-toc-section-end\"><\/span><\/h5>\n<\/div><\/section>\n\n<style type=\"text\/css\" data-created_by=\"avia_inline_auto\" id=\"style-css-av-p98fsj-f6d7addbb809c0b0a9be5f06600ca72d\">\n.flex_column.av-p98fsj-f6d7addbb809c0b0a9be5f06600ca72d{\nborder-radius:0px 0px 0px 0px;\npadding:0px 0px 0px 0px;\n}\n<\/style>\n<div  class='flex_column av-p98fsj-f6d7addbb809c0b0a9be5f06600ca72d av_one_full  avia-builder-el-9  el_after_av_textblock  el_before_av_button  first flex_column_div av-zero-column-padding  column-top-margin'     ><section  class='av_textblock_section av-oie04j-c39b631a328286d3115939521e204168 '   itemscope=\"itemscope\" itemtype=\"https:\/\/schema.org\/CreativeWork\" ><div class='avia_textblock'  itemprop=\"text\" ><h3><span class=\"ez-toc-section\" id=\"Uebersetzen\"><\/span>\u00dcbersetzen<span class=\"ez-toc-section-end\"><\/span><\/h3>\n<\/div><\/section><br \/>\n\n<style type=\"text\/css\" data-created_by=\"avia_inline_auto\" id=\"style-css-av-mewvrn-c437eca10aab8dee936bd6e583a1b422\">\n#top .hr.hr-invisible.av-mewvrn-c437eca10aab8dee936bd6e583a1b422{\nheight:20px;\n}\n<\/style>\n<div  class='hr av-mewvrn-c437eca10aab8dee936bd6e583a1b422 hr-invisible  avia-builder-el-11  el_after_av_textblock  el_before_av_textblock '><span class='hr-inner '><span class=\"hr-inner-style\"><\/span><\/span><\/div><br \/>\n<section  class='av_textblock_section av-k7jl43-ea429e417f83e53fbdec111cd28dca7a '   itemscope=\"itemscope\" itemtype=\"https:\/\/schema.org\/CreativeWork\" ><div class='avia_textblock'  itemprop=\"text\" ><p>F\u00fcr die Berechnung eines konkreten Preises ben\u00f6tige Ihre zu \u00fcbersetzenden Unterlagen. Bitte lassen Sie mir Ihre Unterlagen zukommen anhand eine von Ihnen ausgew\u00e4hlten Mediums.<\/p>\n<p>Der Preis wird abh\u00e4ngig vom Umfang, Schwierigkeitsgrad und Verwendungszweck des albanischen oder deutschen Ausgangstextes berechnet. Dabei wird der Umfang basierend auf 55 Anschl\u00e4gen je Normzeile (inkl. Leerzeichen) durch eine international anerkannte Spezialsoftware ermittelt. F\u00fcr Urkunden, Beglaubigungen und kleinere \u00dcbersetzungen gelten die oben erw\u00e4hnten Festpreise. In einigen F\u00e4llen ist der Preis Verhandlungssache. Zu dem von mir genannten Preis kommen nur noch eventuelle Portokosten dazu.<\/p>\n<\/div><\/section><br \/>\n\n<style type=\"text\/css\" data-created_by=\"avia_inline_auto\" id=\"style-css-av-ik8t9f-a42ecfae353ff79da4acb1dac7e239e8\">\n#top .hr.hr-invisible.av-ik8t9f-a42ecfae353ff79da4acb1dac7e239e8{\nheight:20px;\n}\n<\/style>\n<div  class='hr av-ik8t9f-a42ecfae353ff79da4acb1dac7e239e8 hr-invisible  avia-builder-el-13  el_after_av_textblock  el_before_av_textblock '><span class='hr-inner '><span class=\"hr-inner-style\"><\/span><\/span><\/div><br \/>\n<section  class='av_textblock_section av-i0uann-ad4960a2cc6875117626bd330b78e4dc '   itemscope=\"itemscope\" itemtype=\"https:\/\/schema.org\/CreativeWork\" ><div class='avia_textblock'  itemprop=\"text\" ><h3><span class=\"ez-toc-section\" id=\"Dolmetschen\"><\/span>Dolmetschen<span class=\"ez-toc-section-end\"><\/span><\/h3>\n<\/div><\/section><br \/>\n\n<style type=\"text\/css\" data-created_by=\"avia_inline_auto\" id=\"style-css-av-g5hqpf-458233c0446c0f6a90eedd91aff984fe\">\n#top .hr.hr-invisible.av-g5hqpf-458233c0446c0f6a90eedd91aff984fe{\nheight:20px;\n}\n<\/style>\n<div  class='hr av-g5hqpf-458233c0446c0f6a90eedd91aff984fe hr-invisible  avia-builder-el-15  el_after_av_textblock  el_before_av_textblock '><span class='hr-inner '><span class=\"hr-inner-style\"><\/span><\/span><\/div><br \/>\n<section  class='av_textblock_section av-dkmc1v-182cb827bf4aea95de2351bc51a07375 '   itemscope=\"itemscope\" itemtype=\"https:\/\/schema.org\/CreativeWork\" ><div class='avia_textblock'  itemprop=\"text\" ><p>Die Berechnung erfolgt auf Basis von Stunden- bzw. Tagess\u00e4tzen, abh\u00e4ngig von Art, Dauer, Schwierigkeit und H\u00e4ufigkeit. Die anfallenden Spesen werden gem\u00e4\u00df den gesetzlichen Bestimmungen abgerechnet.<\/p>\n<\/div><\/section><br \/>\n\n<style type=\"text\/css\" data-created_by=\"avia_inline_auto\" id=\"style-css-av-bsby5f-8e4053dd5fa8fabefff96076f12fd768\">\n#top .hr.hr-invisible.av-bsby5f-8e4053dd5fa8fabefff96076f12fd768{\nheight:20px;\n}\n<\/style>\n<div  class='hr av-bsby5f-8e4053dd5fa8fabefff96076f12fd768 hr-invisible  avia-builder-el-17  el_after_av_textblock  el_before_av_textblock '><span class='hr-inner '><span class=\"hr-inner-style\"><\/span><\/span><\/div><br \/>\n<section  class='av_textblock_section av-aj97xv-394d793b756a9560575ca5f526ba9d9a '   itemscope=\"itemscope\" itemtype=\"https:\/\/schema.org\/CreativeWork\" ><div class='avia_textblock'  itemprop=\"text\" ><h3><span class=\"ez-toc-section\" id=\"Albanisch_oder_Deutsch_lernen\"><\/span>Albanisch oder Deutsch lernen<span class=\"ez-toc-section-end\"><\/span><\/h3>\n<\/div><\/section><br \/>\n\n<style type=\"text\/css\" data-created_by=\"avia_inline_auto\" id=\"style-css-av-8l1kkj-d2b19cb492596e323fc9968fc9d0a4bb\">\n#top .hr.hr-invisible.av-8l1kkj-d2b19cb492596e323fc9968fc9d0a4bb{\nheight:20px;\n}\n<\/style>\n<div  class='hr av-8l1kkj-d2b19cb492596e323fc9968fc9d0a4bb hr-invisible  avia-builder-el-19  el_after_av_textblock  el_before_av_textblock '><span class='hr-inner '><span class=\"hr-inner-style\"><\/span><\/span><\/div><br \/>\n<section  class='av_textblock_section av-79lr37-0261fa8b8531ce01363e933ff71ea4bb '   itemscope=\"itemscope\" itemtype=\"https:\/\/schema.org\/CreativeWork\" ><div class='avia_textblock'  itemprop=\"text\" ><p>Die Unterrichtseins\u00e4tze werden nach Dauer, Schwierigkeit und H\u00e4ufigkeit berechnet. Die anfallenden Spesen werden gem\u00e4\u00df den gesetzlichen Bestimmungen abgerechnet.<\/p>\n<p>F\u00fcr Sprachpakete \u00e0 10 Stunden biete ich einen Mengenrabatt.<\/p>\n<\/div><\/section><\/p><\/div>\n<div  class='avia-button-wrap av-libw3i4r-73266775bc3b6132512d19f2900ce6fe-wrap avia-button-center  avia-builder-el-21  el_after_av_one_full  avia-builder-el-last '><a href='https:\/\/albanisch-muenchen.de\/de\/'  class='avia-button av-libw3i4r-73266775bc3b6132512d19f2900ce6fe av-link-btn avia-icon_select-yes-left-icon avia-size-small avia-position-center avia-color-theme-color'   aria-label=\"Zur\u00fcck zur Startseite\"><span class='avia_button_icon avia_button_icon_left avia-iconfont avia-font-entypo-fontello' data-av_icon='\ue821' data-av_iconfont='entypo-fontello' ><\/span><span class='avia_iconbox_title' >Zur\u00fcck zur Startseite<\/span><\/a><\/div>\n","protected":false},"excerpt":{"rendered":"","protected":false},"author":1,"featured_media":0,"parent":0,"menu_order":0,"comment_status":"closed","ping_status":"closed","template":"","meta":{"footnotes":""},"class_list":["post-4659","page","type-page","status-publish","hentry"],"_links":{"self":[{"href":"https:\/\/albanisch-muenchen.de\/de\/wp-json\/wp\/v2\/pages\/4659","targetHints":{"allow":["GET"]}}],"collection":[{"href":"https:\/\/albanisch-muenchen.de\/de\/wp-json\/wp\/v2\/pages"}],"about":[{"href":"https:\/\/albanisch-muenchen.de\/de\/wp-json\/wp\/v2\/types\/page"}],"author":[{"embeddable":true,"href":"https:\/\/albanisch-muenchen.de\/de\/wp-json\/wp\/v2\/users\/1"}],"replies":[{"embeddable":true,"href":"https:\/\/albanisch-muenchen.de\/de\/wp-json\/wp\/v2\/comments?post=4659"}],"version-history":[{"count":0,"href":"https:\/\/albanisch-muenchen.de\/de\/wp-json\/wp\/v2\/pages\/4659\/revisions"}],"wp:attachment":[{"href":"https:\/\/albanisch-muenchen.de\/de\/wp-json\/wp\/v2\/media?parent=4659"}],"curies":[{"name":"wp","href":"https:\/\/api.w.org\/{rel}","templated":true}]}}