{"id":6379,"date":"2021-12-04T15:37:35","date_gmt":"2021-12-04T14:37:35","guid":{"rendered":"https:\/\/albanisch-muenchen.de\/?page_id=6379"},"modified":"2023-09-16T19:18:20","modified_gmt":"2023-09-16T17:18:20","slug":"kontakt","status":"publish","type":"page","link":"https:\/\/albanisch-muenchen.de\/de\/kontakt\/","title":{"rendered":"Kontakt"},"content":{"rendered":"\n<style type=\"text\/css\" data-created_by=\"avia_inline_auto\" id=\"style-css-av-21ungf8-3cfc58e2d1d940c331b1a90e80710878\">\n.flex_column.av-21ungf8-3cfc58e2d1d940c331b1a90e80710878{\nborder-radius:0px 0px 0px 0px;\npadding:0px 0px 0px 0px;\n}\n<\/style>\n<div  class='flex_column av-21ungf8-3cfc58e2d1d940c331b1a90e80710878 av_one_third  avia-builder-el-0  el_before_av_two_third  avia-builder-el-first  first flex_column_div av-zero-column-padding  '     ><style type=\"text\/css\" data-created_by=\"avia_inline_auto\" id=\"style-css-av-1zoko5g-a63df72dbb6247b3b9908236f457f965\">\n.avia-image-container.av-1zoko5g-a63df72dbb6247b3b9908236f457f965 img.avia_image{\nbox-shadow:none;\n}\n.avia-image-container.av-1zoko5g-a63df72dbb6247b3b9908236f457f965 .av-image-caption-overlay-center{\ncolor:#ffffff;\n}\n<\/style>\n<div  class='avia-image-container av-1zoko5g-a63df72dbb6247b3b9908236f457f965 av-styling- avia-align-center  avia-builder-el-1  avia-builder-el-no-sibling '   itemprop=\"image\" itemscope=\"itemscope\" itemtype=\"https:\/\/schema.org\/ImageObject\" ><div class=\"avia-image-container-inner\"><div class=\"avia-image-overlay-wrap\"><img decoding=\"async\" fetchpriority=\"high\" class='wp-image-8857 avia-img-lazy-loading-not-8857 avia_image ' src=\"https:\/\/albanisch-muenchen.de\/wp-content\/uploads\/2022\/01\/VK_XE_2022_Quer_Flyeralarm-300x197.jpg\" alt='Kontakt' title='VK_XE_2022_Quer_Flyeralarm'  height=\"197\" width=\"300\"  itemprop=\"thumbnailUrl\" srcset=\"https:\/\/albanisch-muenchen.de\/wp-content\/uploads\/2022\/01\/VK_XE_2022_Quer_Flyeralarm-300x197.jpg 300w, https:\/\/albanisch-muenchen.de\/wp-content\/uploads\/2022\/01\/VK_XE_2022_Quer_Flyeralarm-768x504.jpg 768w, https:\/\/albanisch-muenchen.de\/wp-content\/uploads\/2022\/01\/VK_XE_2022_Quer_Flyeralarm-705x462.jpg 705w, https:\/\/albanisch-muenchen.de\/wp-content\/uploads\/2022\/01\/VK_XE_2022_Quer_Flyeralarm.jpg 1028w\" sizes=\"(max-width: 300px) 100vw, 300px\" \/><\/div><\/div><\/div><\/div>\n\n<style type=\"text\/css\" data-created_by=\"avia_inline_auto\" id=\"style-css-av-1yh5j04-a07ce0b64e3908407c8a87d754d4abbd\">\n.flex_column.av-1yh5j04-a07ce0b64e3908407c8a87d754d4abbd{\nborder-radius:0px 0px 0px 0px;\npadding:0px 0px 0px 0px;\n}\n<\/style>\n<div  class='flex_column av-1yh5j04-a07ce0b64e3908407c8a87d754d4abbd av_two_third  avia-builder-el-2  el_after_av_one_third  el_before_av_hr  flex_column_div av-zero-column-padding  '     ><p>\n<style type=\"text\/css\" data-created_by=\"avia_inline_auto\" id=\"style-css-av-1wwl4tg-2c8e60218f92b2352c90fa0ef094477c\">\n#top .av-special-heading.av-1wwl4tg-2c8e60218f92b2352c90fa0ef094477c{\npadding-bottom:0;\ncolor:#000000;\n}\nbody .av-special-heading.av-1wwl4tg-2c8e60218f92b2352c90fa0ef094477c .av-special-heading-tag .heading-char{\nfont-size:25px;\n}\n.av-special-heading.av-1wwl4tg-2c8e60218f92b2352c90fa0ef094477c .special-heading-inner-border{\nborder-color:#000000;\n}\n.av-special-heading.av-1wwl4tg-2c8e60218f92b2352c90fa0ef094477c .av-subheading{\nfont-size:10px;\n}\n<\/style>\n<div  class='av-special-heading av-1wwl4tg-2c8e60218f92b2352c90fa0ef094477c av-special-heading-h1 custom-color-heading  avia-builder-el-3  el_before_av_hr  avia-builder-el-first '><div id=\"ez-toc-container\" class=\"ez-toc-v2_0_82_2 counter-hierarchy ez-toc-counter ez-toc-grey ez-toc-container-direction\">\n<div class=\"ez-toc-title-container\">\n<p class=\"ez-toc-title ez-toc-toggle\" style=\"cursor:pointer\">Inhalt<\/p>\n<span class=\"ez-toc-title-toggle\"><a href=\"#\" class=\"ez-toc-pull-right ez-toc-btn ez-toc-btn-xs ez-toc-btn-default ez-toc-toggle\" aria-label=\"Toggle Table of Content\"><span class=\"ez-toc-js-icon-con\"><span class=\"\"><span class=\"eztoc-hide\" style=\"display:none;\">Toggle<\/span><span class=\"ez-toc-icon-toggle-span\"><svg style=\"fill: #999;color:#999\" xmlns=\"http:\/\/www.w3.org\/2000\/svg\" class=\"list-377408\" width=\"20px\" height=\"20px\" viewBox=\"0 0 24 24\" fill=\"none\"><path d=\"M6 6H4v2h2V6zm14 0H8v2h12V6zM4 11h2v2H4v-2zm16 0H8v2h12v-2zM4 16h2v2H4v-2zm16 0H8v2h12v-2z\" fill=\"currentColor\"><\/path><\/svg><svg style=\"fill: #999;color:#999\" class=\"arrow-unsorted-368013\" xmlns=\"http:\/\/www.w3.org\/2000\/svg\" width=\"10px\" height=\"10px\" viewBox=\"0 0 24 24\" version=\"1.2\" baseProfile=\"tiny\"><path d=\"M18.2 9.3l-6.2-6.3-6.2 6.3c-.2.2-.3.4-.3.7s.1.5.3.7c.2.2.4.3.7.3h11c.3 0 .5-.1.7-.3.2-.2.3-.5.3-.7s-.1-.5-.3-.7zM5.8 14.7l6.2 6.3 6.2-6.3c.2-.2.3-.5.3-.7s-.1-.5-.3-.7c-.2-.2-.4-.3-.7-.3h-11c-.3 0-.5.1-.7.3-.2.2-.3.5-.3.7s.1.5.3.7z\"\/><\/svg><\/span><\/span><\/span><\/a><\/span><\/div>\n<nav><ul class='ez-toc-list ez-toc-list-level-1 ' ><li class='ez-toc-page-1 ez-toc-heading-level-1'><a class=\"ez-toc-link ez-toc-heading-1\" href=\"https:\/\/albanisch-muenchen.de\/de\/kontakt\/#Dr_Jonida_Xhyra-Entorf\" >Dr. Jonida Xhyra-Entorf<\/a><ul class='ez-toc-list-level-2' ><li class='ez-toc-heading-level-2'><a class=\"ez-toc-link ez-toc-heading-2\" href=\"https:\/\/albanisch-muenchen.de\/de\/kontakt\/#Oeffentlich_bestellte_und_beeidigte_Verhandlungsdolmetscherin_und_Urkundenuebersetzerin_fuer_Albanisch_und_Deutsch\" >\u00d6ffentlich bestellte und beeidigte Verhandlungsdolmetscherin und Urkunden\u00fcbersetzerin f\u00fcr Albanisch und Deutsch<\/a><ul class='ez-toc-list-level-3' ><li class='ez-toc-heading-level-3'><a class=\"ez-toc-link ez-toc-heading-3\" href=\"https:\/\/albanisch-muenchen.de\/de\/kontakt\/#oder_benutzen_Sie_unser_Kontaktformular\" >oder benutzen Sie unser Kontaktformular:<\/a><\/li><\/ul><\/li><\/ul><\/li><\/ul><\/nav><\/div>\n<h1 class='av-special-heading-tag '  itemprop=\"headline\"  ><span class=\"ez-toc-section\" id=\"Dr_Jonida_Xhyra-Entorf\"><\/span>Dr. Jonida Xhyra-Entorf<span class=\"ez-toc-section-end\"><\/span><\/h1><div class=\"special-heading-border\"><div class=\"special-heading-inner-border\"><\/div><\/div><\/div><br \/>\n\n<style type=\"text\/css\" data-created_by=\"avia_inline_auto\" id=\"style-css-av-1vnielw-583fb67bb10ecb3af90e6afda78b8e3d\">\n#top .hr.hr-invisible.av-1vnielw-583fb67bb10ecb3af90e6afda78b8e3d{\nmargin-top:0px;\nheight:1px;\n}\n<\/style>\n<div  class='hr av-1vnielw-583fb67bb10ecb3af90e6afda78b8e3d hr-invisible  avia-builder-el-4  el_after_av_heading  el_before_av_textblock '><span class='hr-inner '><span class=\"hr-inner-style\"><\/span><\/span><\/div><br \/>\n\n<style type=\"text\/css\" data-created_by=\"avia_inline_auto\" id=\"style-css-av-1t2zfhg-599f03980cfd2e14556898ac7f38a10d\">\n#top .av_textblock_section.av-1t2zfhg-599f03980cfd2e14556898ac7f38a10d .avia_textblock{\ncolor:#848484;\n}\n<\/style>\n<section  class='av_textblock_section av-1t2zfhg-599f03980cfd2e14556898ac7f38a10d '   itemscope=\"itemscope\" itemtype=\"https:\/\/schema.org\/CreativeWork\" ><div class='avia_textblock av_inherit_color'  itemprop=\"text\" ><h2><span class=\"ez-toc-section\" id=\"Oeffentlich_bestellte_und_beeidigte_Verhandlungsdolmetscherin_und_Urkundenuebersetzerin_fuer_Albanisch_und_Deutsch\"><\/span><span style=\"color: #999999;\"><strong>\u00d6ffentlich bestellte und beeidigte Verhandlungsdolmetscherin und Urkunden\u00fcbersetzerin f\u00fcr Albanisch und Deutsch<\/strong><\/span><span class=\"ez-toc-section-end\"><\/span><\/h2>\n<p>Sie k\u00f6nnen mich kontaktieren unter:<\/p>\n<\/div><\/section><\/p><\/div>\n<style type=\"text\/css\" data-created_by=\"avia_inline_auto\" id=\"style-css-av-1rebsdg-e3869014a9cd34662faf7cbf55414fb7\">\n#top .hr.hr-invisible.av-1rebsdg-e3869014a9cd34662faf7cbf55414fb7{\nheight:40px;\n}\n<\/style>\n<div  class='hr av-1rebsdg-e3869014a9cd34662faf7cbf55414fb7 hr-invisible  avia-builder-el-6  el_after_av_two_third  el_before_av_one_fourth '><span class='hr-inner '><span class=\"hr-inner-style\"><\/span><\/span><\/div><\/p>\n\n<style type=\"text\/css\" data-created_by=\"avia_inline_auto\" id=\"style-css-av-fuj6sb-7d907d5a2c525a2817ac5939214fee87\">\n.flex_column.av-fuj6sb-7d907d5a2c525a2817ac5939214fee87{\nborder-radius:0px 0px 0px 0px;\npadding:0px 0px 0px 0px;\n}\n<\/style>\n<div  class='flex_column av-fuj6sb-7d907d5a2c525a2817ac5939214fee87 av_one_fourth  avia-builder-el-7  el_after_av_hr  el_before_av_one_fifth  first flex_column_div av-zero-column-padding  '     ><style type=\"text\/css\" data-created_by=\"avia_inline_auto\" id=\"style-css-av-kwtdgf5j-bc4362a49e442bbdf03959aba2746d83\">\n.avia-image-container.av-kwtdgf5j-bc4362a49e442bbdf03959aba2746d83 img.avia_image{\nbox-shadow:none;\n}\n.avia-image-container.av-kwtdgf5j-bc4362a49e442bbdf03959aba2746d83 .av-image-caption-overlay-center{\ncolor:#ffffff;\n}\n<\/style>\n<div  class='avia-image-container av-kwtdgf5j-bc4362a49e442bbdf03959aba2746d83 av-styling- avia-align-center  avia-builder-el-8  avia-builder-el-no-sibling '   itemprop=\"image\" itemscope=\"itemscope\" itemtype=\"https:\/\/schema.org\/ImageObject\" ><div class=\"avia-image-container-inner\"><div class=\"avia-image-overlay-wrap\"><img decoding=\"async\" fetchpriority=\"high\" class='wp-image-6500 avia-img-lazy-loading-not-6500 avia_image ' src=\"https:\/\/albanisch-muenchen.de\/wp-content\/uploads\/2021\/12\/Komm-EMail-Fotolia_95541776_XS.jpg\" alt='Adresse' title='Komm EMail'  height=\"48\" width=\"50\"  itemprop=\"thumbnailUrl\" srcset=\"https:\/\/albanisch-muenchen.de\/wp-content\/uploads\/2021\/12\/Komm-EMail-Fotolia_95541776_XS.jpg 50w, https:\/\/albanisch-muenchen.de\/wp-content\/uploads\/2021\/12\/Komm-EMail-Fotolia_95541776_XS-36x36.jpg 36w\" sizes=\"(max-width: 50px) 100vw, 50px\" \/><\/div><\/div><\/div><\/div>\n\n<style type=\"text\/css\" data-created_by=\"avia_inline_auto\" id=\"style-css-av-1mcr0as-d6d038c904541780b0e217de0a1dde8a\">\n.flex_column.av-1mcr0as-d6d038c904541780b0e217de0a1dde8a{\nborder-radius:0px 0px 0px 0px;\npadding:0px 0px 0px 0px;\n}\n<\/style>\n<div  class='flex_column av-1mcr0as-d6d038c904541780b0e217de0a1dde8a av_one_fifth  avia-builder-el-9  el_after_av_one_fourth  el_before_av_one_fourth  flex_column_div av-zero-column-padding  '     ><section  class='av_textblock_section av-eaciff-d2e721169afeff0ba3aa73435e18d518 '   itemscope=\"itemscope\" itemtype=\"https:\/\/schema.org\/CreativeWork\" ><div class='avia_textblock'  itemprop=\"text\" ><p>Klingerstra\u00dfe 28<br \/>\n81369 M\u00fcnchen<\/p>\n<\/div><\/section><\/div>\n\n<style type=\"text\/css\" data-created_by=\"avia_inline_auto\" id=\"style-css-av-bwvitn-805594b740753ca9d46b89cd22ae3c4f\">\n.flex_column.av-bwvitn-805594b740753ca9d46b89cd22ae3c4f{\nborder-radius:0px 0px 0px 0px;\npadding:0px 0px 0px 0px;\n}\n<\/style>\n<div  class='flex_column av-bwvitn-805594b740753ca9d46b89cd22ae3c4f av_one_fourth  avia-builder-el-11  el_after_av_one_fifth  el_before_av_one_fourth  flex_column_div av-zero-column-padding  '     ><style type=\"text\/css\" data-created_by=\"avia_inline_auto\" id=\"style-css-av-kwtdgoei-e325644a8f87dd4800331407c424317a\">\n.avia-image-container.av-kwtdgoei-e325644a8f87dd4800331407c424317a img.avia_image{\nbox-shadow:none;\n}\n.avia-image-container.av-kwtdgoei-e325644a8f87dd4800331407c424317a .av-image-caption-overlay-center{\ncolor:#ffffff;\n}\n<\/style>\n<div  class='avia-image-container av-kwtdgoei-e325644a8f87dd4800331407c424317a av-styling- avia-align-center  avia-builder-el-12  avia-builder-el-no-sibling '   itemprop=\"image\" itemscope=\"itemscope\" itemtype=\"https:\/\/schema.org\/ImageObject\" ><div class=\"avia-image-container-inner\"><div class=\"avia-image-overlay-wrap\"><img decoding=\"async\" fetchpriority=\"high\" class='wp-image-6498 avia-img-lazy-loading-not-6498 avia_image ' src=\"https:\/\/albanisch-muenchen.de\/wp-content\/uploads\/2021\/12\/Komm-At-Fotolia_95541776_XS.jpg\" alt='E-Mail' title='Komm At'  height=\"51\" width=\"50\"  itemprop=\"thumbnailUrl\" srcset=\"https:\/\/albanisch-muenchen.de\/wp-content\/uploads\/2021\/12\/Komm-At-Fotolia_95541776_XS.jpg 50w, https:\/\/albanisch-muenchen.de\/wp-content\/uploads\/2021\/12\/Komm-At-Fotolia_95541776_XS-36x36.jpg 36w\" sizes=\"(max-width: 50px) 100vw, 50px\" \/><\/div><\/div><\/div><\/div>\n\n<style type=\"text\/css\" data-created_by=\"avia_inline_auto\" id=\"style-css-av-1g9ex1g-91d817a32fc8bcb0102afce70bf65fcd\">\n.flex_column.av-1g9ex1g-91d817a32fc8bcb0102afce70bf65fcd{\nborder-radius:0px 0px 0px 0px;\npadding:0px 0px 0px 0px;\n}\n<\/style>\n<div  class='flex_column av-1g9ex1g-91d817a32fc8bcb0102afce70bf65fcd av_one_fourth  avia-builder-el-13  el_after_av_one_fourth  el_before_av_hr  flex_column_div av-zero-column-padding  '     ><section  class='av_textblock_section av-1e5usno-cf2212cf1bb5f197a8167328e2a9f010 '   itemscope=\"itemscope\" itemtype=\"https:\/\/schema.org\/CreativeWork\" ><div class='avia_textblock'  itemprop=\"text\" ><p>info@xhyra-entorf.de<\/p>\n<\/div><\/section><\/div>\n\n<style type=\"text\/css\" data-created_by=\"avia_inline_auto\" id=\"style-css-av-1ch9if8-63858b4f9955665c62f3c589bbfb0d5c\">\n#top .hr.hr-invisible.av-1ch9if8-63858b4f9955665c62f3c589bbfb0d5c{\nmargin-top:-25px;\nheight:1px;\n}\n<\/style>\n<div  class='hr av-1ch9if8-63858b4f9955665c62f3c589bbfb0d5c hr-invisible  avia-builder-el-15  el_after_av_one_fourth  el_before_av_one_fourth '><span class='hr-inner '><span class=\"hr-inner-style\"><\/span><\/span><\/div>\n\n<style type=\"text\/css\" data-created_by=\"avia_inline_auto\" id=\"style-css-av-17xzdro-f87508d6a582cc2e7a198fd82857953d\">\n.flex_column.av-17xzdro-f87508d6a582cc2e7a198fd82857953d{\nborder-radius:0px 0px 0px 0px;\npadding:0px 0px 0px 0px;\n}\n<\/style>\n<div  class='flex_column av-17xzdro-f87508d6a582cc2e7a198fd82857953d av_one_fourth  avia-builder-el-16  el_after_av_hr  el_before_av_one_fifth  first flex_column_div av-zero-column-padding  '     ><style type=\"text\/css\" data-created_by=\"avia_inline_auto\" id=\"style-css-av-kwtdgug1-41712b325203fefe2239feded72d21b2\">\n.avia-image-container.av-kwtdgug1-41712b325203fefe2239feded72d21b2 img.avia_image{\nbox-shadow:none;\n}\n.avia-image-container.av-kwtdgug1-41712b325203fefe2239feded72d21b2 .av-image-caption-overlay-center{\ncolor:#ffffff;\n}\n<\/style>\n<div  class='avia-image-container av-kwtdgug1-41712b325203fefe2239feded72d21b2 av-styling- avia-align-center  avia-builder-el-17  avia-builder-el-no-sibling '   itemprop=\"image\" itemscope=\"itemscope\" itemtype=\"https:\/\/schema.org\/ImageObject\" ><div class=\"avia-image-container-inner\"><div class=\"avia-image-overlay-wrap\"><img decoding=\"async\" fetchpriority=\"high\" class='wp-image-6510 avia-img-lazy-loading-not-6510 avia_image ' src=\"https:\/\/albanisch-muenchen.de\/wp-content\/uploads\/2021\/12\/Komm-Telefon-Fotolia_95541776_XS.jpg\" alt='Festnetz' title='Komm Telefon'  height=\"51\" width=\"50\"  itemprop=\"thumbnailUrl\" srcset=\"https:\/\/albanisch-muenchen.de\/wp-content\/uploads\/2021\/12\/Komm-Telefon-Fotolia_95541776_XS.jpg 50w, https:\/\/albanisch-muenchen.de\/wp-content\/uploads\/2021\/12\/Komm-Telefon-Fotolia_95541776_XS-36x36.jpg 36w\" sizes=\"(max-width: 50px) 100vw, 50px\" \/><\/div><\/div><\/div><\/div>\n\n<style type=\"text\/css\" data-created_by=\"avia_inline_auto\" id=\"style-css-av-akgc6z-055c1f3712ad142a8f13a5e28b4845e9\">\n.flex_column.av-akgc6z-055c1f3712ad142a8f13a5e28b4845e9{\nborder-radius:0px 0px 0px 0px;\npadding:0px 0px 0px 0px;\n}\n<\/style>\n<div  class='flex_column av-akgc6z-055c1f3712ad142a8f13a5e28b4845e9 av_one_fifth  avia-builder-el-18  el_after_av_one_fourth  el_before_av_one_fourth  flex_column_div av-zero-column-padding  '     ><section  class='av_textblock_section av-8n1u7f-6088195d8546352bc6c279ae982e74a6 '   itemscope=\"itemscope\" itemtype=\"https:\/\/schema.org\/CreativeWork\" ><div class='avia_textblock'  itemprop=\"text\" ><p><a href=\"tel:+49893542457\">Festnetz +49 (0) 89 354 2457<\/a><\/p>\n<\/div><\/section><\/div>\n\n<style type=\"text\/css\" data-created_by=\"avia_inline_auto\" id=\"style-css-av-88j2rf-5b4487353ce96b66718be70bde1f921d\">\n.flex_column.av-88j2rf-5b4487353ce96b66718be70bde1f921d{\nborder-radius:0px 0px 0px 0px;\npadding:0px 0px 0px 0px;\n}\n<\/style>\n<div  class='flex_column av-88j2rf-5b4487353ce96b66718be70bde1f921d av_one_fourth  avia-builder-el-20  el_after_av_one_fifth  el_before_av_one_fourth  flex_column_div av-zero-column-padding  '     ><style type=\"text\/css\" data-created_by=\"avia_inline_auto\" id=\"style-css-av-kwtdh7rv-dc1d0678b611c4f9ec7ca4620c3ea3bc\">\n.avia-image-container.av-kwtdh7rv-dc1d0678b611c4f9ec7ca4620c3ea3bc img.avia_image{\nbox-shadow:none;\n}\n.avia-image-container.av-kwtdh7rv-dc1d0678b611c4f9ec7ca4620c3ea3bc .av-image-caption-overlay-center{\ncolor:#ffffff;\n}\n<\/style>\n<div  class='avia-image-container av-kwtdh7rv-dc1d0678b611c4f9ec7ca4620c3ea3bc av-styling- avia-align-center  avia-builder-el-21  avia-builder-el-no-sibling '   itemprop=\"image\" itemscope=\"itemscope\" itemtype=\"https:\/\/schema.org\/ImageObject\" ><div class=\"avia-image-container-inner\"><div class=\"avia-image-overlay-wrap\"><img decoding=\"async\" fetchpriority=\"high\" class='wp-image-6504 avia-img-lazy-loading-not-6504 avia_image ' src=\"https:\/\/albanisch-muenchen.de\/wp-content\/uploads\/2021\/12\/Komm-Handy-Fotolia_95541776_XS.jpg\" alt='Mobil &amp; Whatsapp' title='Komm Handy'  height=\"51\" width=\"50\"  itemprop=\"thumbnailUrl\" srcset=\"https:\/\/albanisch-muenchen.de\/wp-content\/uploads\/2021\/12\/Komm-Handy-Fotolia_95541776_XS.jpg 50w, https:\/\/albanisch-muenchen.de\/wp-content\/uploads\/2021\/12\/Komm-Handy-Fotolia_95541776_XS-36x36.jpg 36w\" sizes=\"(max-width: 50px) 100vw, 50px\" \/><\/div><\/div><\/div><\/div>\n\n<style type=\"text\/css\" data-created_by=\"avia_inline_auto\" id=\"style-css-av-1169t04-19b2498acda2993459ff4b0437631761\">\n.flex_column.av-1169t04-19b2498acda2993459ff4b0437631761{\nborder-radius:0px 0px 0px 0px;\npadding:0px 0px 0px 0px;\n}\n<\/style>\n<div  class='flex_column av-1169t04-19b2498acda2993459ff4b0437631761 av_one_fourth  avia-builder-el-22  el_after_av_one_fourth  el_before_av_hr  flex_column_div av-zero-column-padding  '     ><section  class='av_textblock_section av-3sleiz-2a245a7e2b0a730d590fc89d6aed8629 '   itemscope=\"itemscope\" itemtype=\"https:\/\/schema.org\/CreativeWork\" ><div class='avia_textblock'  itemprop=\"text\" ><p><a href=\"tel:+491796701541\">Mobil +49 (0)179 670 1541<\/a><\/p>\n<\/div><\/section><\/div>\n<div  class='hr av-mzaqs4-3d592fcd3673640430abe2deaf89e4b6 hr-default  avia-builder-el-24  el_after_av_one_fourth  el_before_av_one_full '><span class='hr-inner '><span class=\"hr-inner-style\"><\/span><\/span><\/div>\n\n<style type=\"text\/css\" data-created_by=\"avia_inline_auto\" id=\"style-css-av-kx0x2c-0f3b092ea2e55a5f6404752a87c801fb\">\n.flex_column.av-kx0x2c-0f3b092ea2e55a5f6404752a87c801fb{\nborder-radius:0px 0px 0px 0px;\npadding:0px 0px 0px 0px;\n}\n<\/style>\n<div  class='flex_column av-kx0x2c-0f3b092ea2e55a5f6404752a87c801fb av_one_full  avia-builder-el-25  el_after_av_hr  el_before_av_hr  first flex_column_div av-zero-column-padding  '     ><div  class='av_gmaps_sc_main_wrap av_gmaps_main_wrap '><div id='av_gmap_0' class='avia-google-map-container avia-google-map-sc av_gmaps_show_unconditionally av-no-fallback-img ' data-mapid='av_gmap_0'  style='height: 400px;'><a class=\"av_gmaps_browser_disabled av_text_confirm_link av_text_confirm_link_visible\" href=\"https:\/\/www.google.com\/maps\/search\/?api=1&#038;query=Klingerstra\u00dfe%2028%20%20M\u00fcnchen%20%20Germany\" target=\"_blank\" rel=\"noopener\">Aufgrund deiner Datenschutz-Einstellungen k\u00f6nnen wir Ihnen die Karte nicht anzeigen. Klicken Sie hier, um die Karte in einem neuen Fenster zu \u00f6ffnen.<\/a><\/div><\/div><\/div>\n<div  class='hr av-1kegzo-a4c68cc2097e71ed563515f1b1298d79 hr-default  avia-builder-el-27  el_after_av_one_full  el_before_av_contact '><span class='hr-inner '><span class=\"hr-inner-style\"><\/span><\/span><\/div>\n<form action=\"https:\/\/albanisch-muenchen.de\/de\/kontakt\/\" method=\"post\" data-fields-with-error=\"Fehler wurden in folgenden Feld(ern) gefunden:\" class=\"avia_ajax_form av-form-labels-visible   avia-builder-el-28  el_after_av_hr  el_before_av_button   \" data-avia-form-id=\"1\" data-avia-redirect='' ><h3 class=''><span class=\"ez-toc-section\" id=\"oder_benutzen_Sie_unser_Kontaktformular\"><\/span>oder benutzen Sie unser Kontaktformular:<span class=\"ez-toc-section-end\"><\/span><\/h3><fieldset><p class='  first_form  form_element form_element_half' id='element_avia_1_1'><label for=\"avia_1_1\">Name <abbr class=\"required\" title=\"ben\u00f6tigt\">*<\/abbr><\/label> <input name=\"avia_1_1\" class=\"text_input is_empty\" type=\"text\" id=\"avia_1_1\" value=\"\" \/><\/p><p class='  form_element form_element_half' id='element_avia_2_1'><label for=\"avia_2_1\">E-Mail <abbr class=\"required\" title=\"ben\u00f6tigt\">*<\/abbr><\/label> <input name=\"avia_2_1\" class=\"text_input is_email\" type=\"text\" id=\"avia_2_1\" value=\"\" \/><\/p><p class='  first_form  form_element form_fullwidth' id='element_avia_3_1'><label for=\"avia_3_1\">Telefon <abbr class=\"required\" title=\"ben\u00f6tigt\">*<\/abbr><\/label> <input name=\"avia_3_1\" class=\"text_input is_empty\" type=\"text\" id=\"avia_3_1\" value=\"\" \/><\/p><p class='  first_form  form_element form_fullwidth' id='element_avia_4_1'><label for=\"avia_4_1\">Betreff <abbr class=\"required\" title=\"ben\u00f6tigt\">*<\/abbr><\/label> <input name=\"avia_4_1\" class=\"text_input is_empty\" type=\"text\" id=\"avia_4_1\" value=\"\" \/><\/p><p class='  first_form  form_element form_fullwidth' id='element_avia_5_1'><label for=\"avia_5_1\" class=\"textare_label hidden textare_label_avia_5_1\">Nachricht <abbr class=\"required\" title=\"ben\u00f6tigt\">*<\/abbr><\/label><textarea  name=\"avia_5_1\" class=\"text_area is_empty\" cols=\"40\" rows=\"7\" id=\"avia_5_1\" ><\/textarea><\/p><p class=\"hidden\"><input type=\"text\" name=\"avia_6_1\" class=\"hidden \" id=\"avia_6_1\" value=\"\" \/><\/p><div id='avia_7_1' class='av-recaptcha-area  first_form  form_element form_fullwidth '  data-container_class=\"\" data-custom_class=\"\" data-context=\"av_contact_form\" data-token_input=\"av_recaptcha_token\" data-version=\"avia_recaptcha_v2\" data-theme=\"light\" data-size=\"normal\" data-score=\"0.5\" data-text_to_preview=\"\" data-value=\"\"><div class=\"av-google-badge-message hidden\">This site is protected by reCAPTCHA and the Google <a href=\"https:\/\/policies.google.com\/privacy\" target=\"_blank\" rel=\"noopener noreferrer\">Datenschutzrichtlinie<\/a> and <a href=\"https:\/\/policies.google.com\/terms\" target=\"_blank\" rel=\"noopener noreferrer\">Terms of Service<\/a> apply.<\/div><\/div><p class=\"form_element \"><input type=\"hidden\" value=\"1\" name=\"avia_generated_form1\" \/><input type=\"submit\" value=\"Senden\" class=\"button\"  data-sending-label=\"Sende\"\/><\/p><\/fieldset><div class=\"avia-disabled-form\">Dieses Kontaktformular ist momentan deaktiviert, da Sie den Google reCAPTCHA-Service noch nicht akzeptiert haben. Dieser ist f\u00fcr die Validierung des Sendevorgangs jedoch notwendig<\/div><\/form><div id=\"ajaxresponse_1\" class=\"ajaxresponse ajaxresponse_1 hidden\"><\/div>\n<div  class='avia-button-wrap av-libvz0j6-446b04ff8d818b3d9e9fdb47614e4cd0-wrap avia-button-center  avia-builder-el-29  el_after_av_contact  avia-builder-el-last '><a href=\"https:\/\/albanisch-muenchen.de\/de\/\" class=\"avia-button av-libvz0j6-446b04ff8d818b3d9e9fdb47614e4cd0 av-link-btn avia-icon_select-yes-left-icon avia-size-small avia-position-center avia-color-theme-color\" aria-label=\"Zur\u00fcck zur Startseite\"><span class='avia_button_icon avia_button_icon_left avia-iconfont avia-font-entypo-fontello' data-av_icon='\ue821' data-av_iconfont='entypo-fontello' ><\/span><span class='avia_iconbox_title' >Zur\u00fcck zur Startseite<\/span><\/a><\/div>\n","protected":false},"excerpt":{"rendered":"","protected":false},"author":1,"featured_media":0,"parent":0,"menu_order":0,"comment_status":"closed","ping_status":"closed","template":"","meta":{"footnotes":""},"class_list":["post-6379","page","type-page","status-publish","hentry"],"_links":{"self":[{"href":"https:\/\/albanisch-muenchen.de\/de\/wp-json\/wp\/v2\/pages\/6379","targetHints":{"allow":["GET"]}}],"collection":[{"href":"https:\/\/albanisch-muenchen.de\/de\/wp-json\/wp\/v2\/pages"}],"about":[{"href":"https:\/\/albanisch-muenchen.de\/de\/wp-json\/wp\/v2\/types\/page"}],"author":[{"embeddable":true,"href":"https:\/\/albanisch-muenchen.de\/de\/wp-json\/wp\/v2\/users\/1"}],"replies":[{"embeddable":true,"href":"https:\/\/albanisch-muenchen.de\/de\/wp-json\/wp\/v2\/comments?post=6379"}],"version-history":[{"count":0,"href":"https:\/\/albanisch-muenchen.de\/de\/wp-json\/wp\/v2\/pages\/6379\/revisions"}],"wp:attachment":[{"href":"https:\/\/albanisch-muenchen.de\/de\/wp-json\/wp\/v2\/media?parent=6379"}],"curies":[{"name":"wp","href":"https:\/\/api.w.org\/{rel}","templated":true}]}}