{"id":6431,"date":"2021-12-04T15:03:55","date_gmt":"2021-12-04T14:03:55","guid":{"rendered":"https:\/\/albanisch-muenchen.de\/?page_id=6431"},"modified":"2024-09-14T11:39:56","modified_gmt":"2024-09-14T09:39:56","slug":"links","status":"publish","type":"page","link":"https:\/\/albanisch-muenchen.de\/de\/links\/","title":{"rendered":"Links"},"content":{"rendered":"\n<style type=\"text\/css\" data-created_by=\"avia_inline_auto\" id=\"style-css-av-lid4sprs-d332de02eaa3a50ab51a6793ade53082\">\n#top .av-special-heading.av-lid4sprs-d332de02eaa3a50ab51a6793ade53082{\npadding-bottom:10px;\n}\nbody .av-special-heading.av-lid4sprs-d332de02eaa3a50ab51a6793ade53082 .av-special-heading-tag .heading-char{\nfont-size:25px;\n}\n.av-special-heading.av-lid4sprs-d332de02eaa3a50ab51a6793ade53082 .av-subheading{\nfont-size:15px;\n}\n<\/style>\n<div  class='av-special-heading av-lid4sprs-d332de02eaa3a50ab51a6793ade53082 av-special-heading-h1  avia-builder-el-0  el_before_av_hr  avia-builder-el-first '><div id=\"ez-toc-container\" class=\"ez-toc-v2_0_82_2 counter-hierarchy ez-toc-counter ez-toc-grey ez-toc-container-direction\">\n<div class=\"ez-toc-title-container\">\n<p class=\"ez-toc-title ez-toc-toggle\" style=\"cursor:pointer\">Inhalt<\/p>\n<span class=\"ez-toc-title-toggle\"><a href=\"#\" class=\"ez-toc-pull-right ez-toc-btn ez-toc-btn-xs ez-toc-btn-default ez-toc-toggle\" aria-label=\"Toggle Table of Content\"><span class=\"ez-toc-js-icon-con\"><span class=\"\"><span class=\"eztoc-hide\" style=\"display:none;\">Toggle<\/span><span class=\"ez-toc-icon-toggle-span\"><svg style=\"fill: #999;color:#999\" xmlns=\"http:\/\/www.w3.org\/2000\/svg\" class=\"list-377408\" width=\"20px\" height=\"20px\" viewBox=\"0 0 24 24\" fill=\"none\"><path d=\"M6 6H4v2h2V6zm14 0H8v2h12V6zM4 11h2v2H4v-2zm16 0H8v2h12v-2zM4 16h2v2H4v-2zm16 0H8v2h12v-2z\" fill=\"currentColor\"><\/path><\/svg><svg style=\"fill: #999;color:#999\" class=\"arrow-unsorted-368013\" xmlns=\"http:\/\/www.w3.org\/2000\/svg\" width=\"10px\" height=\"10px\" viewBox=\"0 0 24 24\" version=\"1.2\" baseProfile=\"tiny\"><path d=\"M18.2 9.3l-6.2-6.3-6.2 6.3c-.2.2-.3.4-.3.7s.1.5.3.7c.2.2.4.3.7.3h11c.3 0 .5-.1.7-.3.2-.2.3-.5.3-.7s-.1-.5-.3-.7zM5.8 14.7l6.2 6.3 6.2-6.3c.2-.2.3-.5.3-.7s-.1-.5-.3-.7c-.2-.2-.4-.3-.7-.3h-11c-.3 0-.5.1-.7.3-.2.2-.3.5-.3.7s.1.5.3.7z\"\/><\/svg><\/span><\/span><\/span><\/a><\/span><\/div>\n<nav><ul class='ez-toc-list ez-toc-list-level-1 ' ><li class='ez-toc-page-1 ez-toc-heading-level-1'><a class=\"ez-toc-link ez-toc-heading-1\" href=\"https:\/\/albanisch-muenchen.de\/de\/links\/#Jonida_Xhyra-Entorf\" >Jonida Xhyra-Entorf<\/a><ul class='ez-toc-list-level-2' ><li class='ez-toc-heading-level-2'><a class=\"ez-toc-link ez-toc-heading-2\" href=\"https:\/\/albanisch-muenchen.de\/de\/links\/#Interessante_Links\" >Interessante Links<\/a><ul class='ez-toc-list-level-4' ><li class='ez-toc-heading-level-4'><ul class='ez-toc-list-level-4' ><li class='ez-toc-heading-level-4'><a class=\"ez-toc-link ez-toc-heading-3\" href=\"https:\/\/albanisch-muenchen.de\/de\/links\/#Verbaende_Gesellschaften_Vereine\" >Verb\u00e4nde, Gesellschaften, Vereine<\/a><\/li><li class='ez-toc-page-1 ez-toc-heading-level-4'><a class=\"ez-toc-link ez-toc-heading-4\" href=\"https:\/\/albanisch-muenchen.de\/de\/links\/#Oeffentliche_Einrichtungen\" >\u00d6ffentliche Einrichtungen<\/a><\/li><li class='ez-toc-page-1 ez-toc-heading-level-4'><a class=\"ez-toc-link ez-toc-heading-5\" href=\"https:\/\/albanisch-muenchen.de\/de\/links\/#Universitaeten\" >Universit\u00e4ten<\/a><\/li><li class='ez-toc-page-1 ez-toc-heading-level-4'><a class=\"ez-toc-link ez-toc-heading-6\" href=\"https:\/\/albanisch-muenchen.de\/de\/links\/#Volkshochschulen\" >Volkshochschulen<\/a><\/li><li class='ez-toc-page-1 ez-toc-heading-level-4'><a class=\"ez-toc-link ez-toc-heading-7\" href=\"https:\/\/albanisch-muenchen.de\/de\/links\/#Soziale_Einrichtungen\" >Soziale Einrichtungen<\/a><\/li><li class='ez-toc-page-1 ez-toc-heading-level-4'><a class=\"ez-toc-link ez-toc-heading-8\" href=\"https:\/\/albanisch-muenchen.de\/de\/links\/#Verlage\" >Verlage<\/a><\/li><li class='ez-toc-page-1 ez-toc-heading-level-4'><a class=\"ez-toc-link ez-toc-heading-9\" href=\"https:\/\/albanisch-muenchen.de\/de\/links\/#Weitergehende_Informationen_und_Downloads\" >Weitergehende Informationen und Downloads<\/a><\/li><li class='ez-toc-page-1 ez-toc-heading-level-4'><a class=\"ez-toc-link ez-toc-heading-10\" href=\"https:\/\/albanisch-muenchen.de\/de\/links\/#Koorperations-Partner\" >Koorperations-Partner<\/a><\/li><\/ul><\/li><\/ul><\/li><\/ul><\/li><\/ul><\/nav><\/div>\n<h1 class='av-special-heading-tag '  itemprop=\"headline\"  ><span class=\"ez-toc-section\" id=\"Jonida_Xhyra-Entorf\"><\/span>Jonida Xhyra-Entorf<span class=\"ez-toc-section-end\"><\/span><\/h1><div class=\"special-heading-border\"><div class=\"special-heading-inner-border\"><\/div><\/div><\/div>\n\n<style type=\"text\/css\" data-created_by=\"avia_inline_auto\" id=\"style-css-av-lid4sdqf-236f704f1fb92448d4aae80307bb6d83\">\n#top .hr.hr-invisible.av-lid4sdqf-236f704f1fb92448d4aae80307bb6d83{\nmargin-top:-20px;\nheight:1px;\n}\n<\/style>\n<div  class='hr av-lid4sdqf-236f704f1fb92448d4aae80307bb6d83 hr-invisible  avia-builder-el-1  el_after_av_heading  el_before_av_heading '><span class='hr-inner '><span class=\"hr-inner-style\"><\/span><\/span><\/div>\n\n<style type=\"text\/css\" data-created_by=\"avia_inline_auto\" id=\"style-css-av-b4s0gi-10be8747e6da24344a6c136db183b5dd\">\n#top .av-special-heading.av-b4s0gi-10be8747e6da24344a6c136db183b5dd{\npadding-bottom:10px;\n}\nbody .av-special-heading.av-b4s0gi-10be8747e6da24344a6c136db183b5dd .av-special-heading-tag .heading-char{\nfont-size:25px;\n}\n.av-special-heading.av-b4s0gi-10be8747e6da24344a6c136db183b5dd .av-subheading{\nfont-size:10px;\n}\n<\/style>\n<div  class='av-special-heading av-b4s0gi-10be8747e6da24344a6c136db183b5dd av-special-heading-h2  avia-builder-el-2  el_after_av_hr  el_before_av_one_third '><h2 class='av-special-heading-tag '  itemprop=\"headline\"  ><span class=\"ez-toc-section\" id=\"Interessante_Links\"><\/span>Interessante Links<span class=\"ez-toc-section-end\"><\/span><\/h2><div class=\"special-heading-border\"><div class=\"special-heading-inner-border\"><\/div><\/div><\/div>\n\n<style type=\"text\/css\" data-created_by=\"avia_inline_auto\" id=\"style-css-av-5dilci-d51ff8ec4e480144da349ec4a7b1ca5e\">\n.flex_column.av-5dilci-d51ff8ec4e480144da349ec4a7b1ca5e{\nborder-radius:0px 0px 0px 0px;\npadding:0px 0px 0px 0px;\n}\n<\/style>\n<div  class='flex_column av-5dilci-d51ff8ec4e480144da349ec4a7b1ca5e av_one_third  avia-builder-el-3  el_after_av_heading  el_before_av_two_third  first flex_column_div av-zero-column-padding  '     ><style type=\"text\/css\" data-created_by=\"avia_inline_auto\" id=\"style-css-av-kwtdqgu6-a3a134250a1447a980e5af08e18790a2\">\n.avia-image-container.av-kwtdqgu6-a3a134250a1447a980e5af08e18790a2 img.avia_image{\nbox-shadow:none;\n}\n.avia-image-container.av-kwtdqgu6-a3a134250a1447a980e5af08e18790a2 .av-image-caption-overlay-center{\ncolor:#ffffff;\n}\n<\/style>\n<div  class='avia-image-container av-kwtdqgu6-a3a134250a1447a980e5af08e18790a2 av-styling- avia-align-center  avia-builder-el-4  avia-builder-el-no-sibling '   itemprop=\"image\" itemscope=\"itemscope\" itemtype=\"https:\/\/schema.org\/ImageObject\" ><div class=\"avia-image-container-inner\"><div class=\"avia-image-overlay-wrap\"><img decoding=\"async\" fetchpriority=\"high\" class=\"wp-image-6433 avia-img-lazy-loading-not-6433 avia_image \" src=\"https:\/\/albanisch-muenchen.de\/wp-content\/uploads\/2021\/12\/Links-500px.jpg\" alt=\"\" title=\"Links 500px\" height=\"348\" width=\"500\" itemprop=\"thumbnailUrl\" srcset=\"https:\/\/albanisch-muenchen.de\/wp-content\/uploads\/2021\/12\/Links-500px.jpg 500w, https:\/\/albanisch-muenchen.de\/wp-content\/uploads\/2021\/12\/Links-500px-300x209.jpg 300w\" sizes=\"(max-width: 500px) 100vw, 500px\"><\/div><\/div><\/div><\/div>\n\n<style type=\"text\/css\" data-created_by=\"avia_inline_auto\" id=\"style-css-av-3raw6n-512530da344262e2139d60b103947f4f\">\n.flex_column.av-3raw6n-512530da344262e2139d60b103947f4f{\nborder-radius:0px 0px 0px 0px;\npadding:0px 0px 0px 0px;\n}\n<\/style>\n<div  class='flex_column av-3raw6n-512530da344262e2139d60b103947f4f av_two_third  avia-builder-el-5  el_after_av_one_third  el_before_av_textblock  flex_column_div av-zero-column-padding  '     ><section  class='av_textblock_section av-2rh8pr-578cb7fa36f9349f59f700f14403157c '   itemscope=\"itemscope\" itemtype=\"https:\/\/schema.org\/CreativeWork\" ><div class='avia_textblock'  itemprop=\"text\" ><h4><\/h4>\n<h4><span class=\"ez-toc-section\" id=\"Verbaende_Gesellschaften_Vereine\"><\/span>Verb\u00e4nde, Gesellschaften, Vereine<span class=\"ez-toc-section-end\"><\/span><\/h4>\n<p><a href=\"http:\/\/www.bdue.de\" target=\"_blank\" rel=\"noopener\">Bundesverband der \u00dcbersetzer und Dolmetscher e.V. (BD\u00dc)<\/a><\/p>\n<p><a href=\"http:\/\/www.sogde.org\/\" target=\"_blank\" rel=\"noopener\">S\u00fcdosteuropa-Gesellschaft<\/a><\/p>\n<p><a href=\"http:\/\/www.martin-camaj.de\" target=\"_blank\" rel=\"noopener\">Martin Camaj Gesellschaft e.V.<\/a><\/p>\n<\/div><\/section><\/div>\n\n<style type=\"text\/css\" data-created_by=\"avia_inline_auto\" id=\"style-css-av-2b16ma-012acb4273f4dc681e25fb5aafe318cd\">\n#top .av_textblock_section.av-2b16ma-012acb4273f4dc681e25fb5aafe318cd .avia_textblock{\nfont-size:14px;\n}\n<\/style>\n<section  class='av_textblock_section av-2b16ma-012acb4273f4dc681e25fb5aafe318cd '   itemscope=\"itemscope\" itemtype=\"https:\/\/schema.org\/CreativeWork\" ><div class='avia_textblock'  itemprop=\"text\" ><h4><span class=\"ez-toc-section\" id=\"Oeffentliche_Einrichtungen\"><\/span>\u00d6ffentliche Einrichtungen<span class=\"ez-toc-section-end\"><\/span><\/h4>\n<p style=\"padding-left: 30px;\"><a href=\"https:\/\/www.bamf.de\" target=\"_blank\" rel=\"noopener\">Bundesamt f\u00fcr Fl\u00fcchtlinge und Migration (BAMF)<\/a><\/p>\n<p style=\"padding-left: 30px;\"><a href=\"https:\/\/www.km.bayern.de\/\" target=\"_blank\" rel=\"noopener\">Bayerisches Kultusministerium<\/a><\/p>\n<p style=\"padding-left: 30px;\"><a href=\"https:\/\/www.telc.net\" target=\"_blank\" rel=\"noopener\">Gemeinn\u00fctzige Gesellschaft f\u00fcr Sprachpr\u00fcfungen und Weiterbildung Telc<\/a><\/p>\n<h4><span class=\"ez-toc-section\" id=\"Universitaeten\"><\/span>Universit\u00e4ten<span class=\"ez-toc-section-end\"><\/span><\/h4>\n<p style=\"padding-left: 30px;\"><a href=\"http:\/\/www.albanologie.uni-muenchen.de\" target=\"_blank\" rel=\"noopener\">Exzellenz-Universit\u00e4t (LMU) M\u00fcnchen: Inst. f\u00fcr Vergleichende und Indogermanische Sprachwissenschaft, Abt. Albanologie<\/a><\/p>\n<p style=\"padding-left: 30px;\"><a href=\"https:\/\/www.uni-heidelberg.de\/\" target=\"_blank\" rel=\"noopener\">Ruprecht-Karls-Universit\u00e4t Heidelberg (Exzellenz-Universit\u00e4t)<\/a><\/p>\n<p style=\"padding-left: 30px;\"><a href=\"https:\/\/www.uni-graz.at\/\" target=\"_blank\" rel=\"noopener\">Karl-Franzens-Universit\u00e4t Graz, \u00d6sterreich<\/a><\/p>\n<p style=\"padding-left: 30px;\"><a href=\"http:\/\/www.uniel.edu.al\/\" target=\"_blank\" rel=\"noopener\">Universit\u00e4t Aleksand\u00ebr Xhuvani Elbasan, Albanien<\/a><\/p>\n<h4><span class=\"ez-toc-section\" id=\"Volkshochschulen\"><\/span>Volkshochschulen<span class=\"ez-toc-section-end\"><\/span><\/h4>\n<p style=\"padding-left: 30px;\"><a href=\"https:\/\/www.mvhs.de\/\" target=\"_blank\" rel=\"noopener\">VHS M\u00fcnchen<\/a><\/p>\n<p style=\"padding-left: 30px;\"><a href=\"https:\/\/www.vhs-augsburg.de\/\" target=\"_blank\" rel=\"noopener\">VHS Augsburg<\/a><\/p>\n<p style=\"padding-left: 30px;\"><a href=\"https:\/\/www.vhs-stuttgart.de\/\" target=\"_blank\" rel=\"noopener\">VHS Stuttgart<\/a><\/p>\n<h4><span class=\"ez-toc-section\" id=\"Soziale_Einrichtungen\"><\/span>Soziale Einrichtungen<span class=\"ez-toc-section-end\"><\/span><\/h4>\n<p style=\"padding-left: 30px;\"><a href=\"https:\/\/www.donnamobile.org\/\" target=\"_blank\" rel=\"noopener\">Donna Mobile<\/a><\/p>\n<p style=\"padding-left: 30px;\"><a href=\"http:\/\/www.bayzent.de\/\" target=\"_blank\" rel=\"noopener\">Bayerisches Zentrum f\u00fcr Transkulturelle Medizin e.V.<\/a><\/p>\n<p style=\"padding-left: 30px;\"><a href=\"http:\/\/www.refugio-muenchen.de\/\" target=\"_blank\" rel=\"noopener\">Refugio M\u00fcnchen<\/a><\/p>\n<h4><span class=\"ez-toc-section\" id=\"Verlage\"><\/span>Verlage<span class=\"ez-toc-section-end\"><\/span><\/h4>\n<p style=\"padding-left: 30px;\"><a href=\"https:\/\/www.harrassowitz-verlag.de\" target=\"_blank\" rel=\"noopener\">Harrassowitz Verlag<\/a><\/p>\n<h4><span class=\"ez-toc-section\" id=\"Weitergehende_Informationen_und_Downloads\"><\/span>Weitergehende Informationen und Downloads<span class=\"ez-toc-section-end\"><\/span><\/h4>\n<p style=\"padding-left: 30px;\">Wikipedia: <a href=\"https:\/\/de.wikipedia.org\/wiki\/%C3%9Cbersetzung_%28Linguistik%29\" target=\"_blank\" rel=\"noopener\">\u00dcbersetzung<\/a> &#8211; <a href=\"https:\/\/de.wikipedia.org\/wiki\/Dolmetschen\" target=\"_blank\" rel=\"noopener\">Dolmetschen<\/a> &#8211; <a href=\"https:\/\/de.wikipedia.org\/wiki\/Sprachunterricht\" target=\"_blank\" rel=\"noopener\">Sprachunterricht <\/a>&#8211; <a href=\"https:\/\/de.wikipedia.org\/wiki\/Albanien\" target=\"_blank\" rel=\"noopener\">Albanien<\/a><\/p>\n<\/div><\/section>\n\n<style type=\"text\/css\" data-created_by=\"avia_inline_auto\" id=\"style-css-av-m11yfy6t-4d78c30468bb1d1016f2a41014e02f2f\">\n#top .av_textblock_section.av-m11yfy6t-4d78c30468bb1d1016f2a41014e02f2f .avia_textblock{\nfont-size:14px;\n}\n<\/style>\n<section  class='av_textblock_section av-m11yfy6t-4d78c30468bb1d1016f2a41014e02f2f '   itemscope=\"itemscope\" itemtype=\"https:\/\/schema.org\/CreativeWork\" ><div class='avia_textblock'  itemprop=\"text\" ><h4><span class=\"ez-toc-section\" id=\"Koorperations-Partner\"><\/span>Koorperations-Partner<span class=\"ez-toc-section-end\"><\/span><\/h4>\n<\/div><\/section>\n\n<style type=\"text\/css\" data-created_by=\"avia_inline_auto\" id=\"style-css-av-m11ygidp-ff5de989cbaa7c582f8744bfa24d3056\">\n.avia-image-container.av-m11ygidp-ff5de989cbaa7c582f8744bfa24d3056 img.avia_image{\nbox-shadow:none;\n}\n.avia-image-container.av-m11ygidp-ff5de989cbaa7c582f8744bfa24d3056 .av-image-caption-overlay-center{\ncolor:#ffffff;\n}\n<\/style>\n<div  class='avia-image-container av-m11ygidp-ff5de989cbaa7c582f8744bfa24d3056 av-styling- av-img-linked avia-align-left  avia-builder-el-9  el_after_av_textblock  el_before_av_button '   itemprop=\"image\" itemscope=\"itemscope\" itemtype=\"https:\/\/schema.org\/ImageObject\" ><div class=\"avia-image-container-inner\"><div class=\"avia-image-overlay-wrap\"><a href=\"https:\/\/www.proverb.de\/\" class=\"avia_image \" aria-label=\"Proverb Logo\" target=\"_blank\" rel=\"noopener\"><img decoding=\"async\" fetchpriority=\"high\" class=\"wp-image-9224 avia-img-lazy-loading-not-9224 avia_image \" src=\"https:\/\/albanisch-muenchen.de\/wp-content\/uploads\/2024\/09\/Proverb-Logo.png\" alt=\"\" title=\"Proverb Logo\" height=\"111\" width=\"218\" itemprop=\"thumbnailUrl\"><\/a><\/div><\/div><\/div>\n<div  class='avia-button-wrap av-libw0n08-eb67ba286278436c70012144ff4b1f0f-wrap avia-button-center  avia-builder-el-10  el_after_av_image  avia-builder-el-last '><a href=\"https:\/\/albanisch-muenchen.de\/de\/\" class=\"avia-button av-libw0n08-eb67ba286278436c70012144ff4b1f0f av-link-btn avia-icon_select-yes-left-icon avia-size-small avia-position-center avia-color-theme-color\" aria-label=\"Zur\u00fcck zur Startseite\"><span class='avia_button_icon avia_button_icon_left avia-iconfont avia-font-entypo-fontello' data-av_icon='\ue821' data-av_iconfont='entypo-fontello' ><\/span><span class='avia_iconbox_title' >Zur\u00fcck zur Startseite<\/span><\/a><\/div>\n","protected":false},"excerpt":{"rendered":"","protected":false},"author":1,"featured_media":0,"parent":0,"menu_order":0,"comment_status":"closed","ping_status":"closed","template":"","meta":{"footnotes":""},"class_list":["post-6431","page","type-page","status-publish","hentry"],"_links":{"self":[{"href":"https:\/\/albanisch-muenchen.de\/de\/wp-json\/wp\/v2\/pages\/6431","targetHints":{"allow":["GET"]}}],"collection":[{"href":"https:\/\/albanisch-muenchen.de\/de\/wp-json\/wp\/v2\/pages"}],"about":[{"href":"https:\/\/albanisch-muenchen.de\/de\/wp-json\/wp\/v2\/types\/page"}],"author":[{"embeddable":true,"href":"https:\/\/albanisch-muenchen.de\/de\/wp-json\/wp\/v2\/users\/1"}],"replies":[{"embeddable":true,"href":"https:\/\/albanisch-muenchen.de\/de\/wp-json\/wp\/v2\/comments?post=6431"}],"version-history":[{"count":1,"href":"https:\/\/albanisch-muenchen.de\/de\/wp-json\/wp\/v2\/pages\/6431\/revisions"}],"predecessor-version":[{"id":9234,"href":"https:\/\/albanisch-muenchen.de\/de\/wp-json\/wp\/v2\/pages\/6431\/revisions\/9234"}],"wp:attachment":[{"href":"https:\/\/albanisch-muenchen.de\/de\/wp-json\/wp\/v2\/media?parent=6431"}],"curies":[{"name":"wp","href":"https:\/\/api.w.org\/{rel}","templated":true}]}}