{"id":6337,"date":"2021-12-04T14:28:54","date_gmt":"2021-12-04T13:28:54","guid":{"rendered":"https:\/\/albanisch-muenchen.de\/?page_id=6337"},"modified":"2023-06-01T17:50:25","modified_gmt":"2023-06-01T15:50:25","slug":"deftuesi","status":"publish","type":"page","link":"https:\/\/albanisch-muenchen.de\/sq\/deftuesi\/","title":{"rendered":"D\u00ebftuesi (Impressum)"},"content":{"rendered":"\n<style type=\"text\/css\" data-created_by=\"avia_inline_auto\" id=\"style-css-av-lidba7u4-48d23ededf155ecb3d96bf54b244db35\">\n#top .av-special-heading.av-lidba7u4-48d23ededf155ecb3d96bf54b244db35{\npadding-bottom:10px;\n}\nbody .av-special-heading.av-lidba7u4-48d23ededf155ecb3d96bf54b244db35 .av-special-heading-tag .heading-char{\nfont-size:25px;\n}\n.av-special-heading.av-lidba7u4-48d23ededf155ecb3d96bf54b244db35 .av-subheading{\nfont-size:15px;\n}\n<\/style>\n<div  class='av-special-heading av-lidba7u4-48d23ededf155ecb3d96bf54b244db35 av-special-heading-h1  avia-builder-el-0  el_before_av_hr  avia-builder-el-first '><div id=\"ez-toc-container\" class=\"ez-toc-v2_0_82_2 counter-hierarchy ez-toc-counter ez-toc-grey ez-toc-container-direction\">\n<div class=\"ez-toc-title-container\">\n<p class=\"ez-toc-title ez-toc-toggle\" style=\"cursor:pointer\">Inhalt<\/p>\n<span class=\"ez-toc-title-toggle\"><a href=\"#\" class=\"ez-toc-pull-right ez-toc-btn ez-toc-btn-xs ez-toc-btn-default ez-toc-toggle\" aria-label=\"Toggle Table of Content\"><span class=\"ez-toc-js-icon-con\"><span class=\"\"><span class=\"eztoc-hide\" style=\"display:none;\">Toggle<\/span><span class=\"ez-toc-icon-toggle-span\"><svg style=\"fill: #999;color:#999\" xmlns=\"http:\/\/www.w3.org\/2000\/svg\" class=\"list-377408\" width=\"20px\" height=\"20px\" viewBox=\"0 0 24 24\" fill=\"none\"><path d=\"M6 6H4v2h2V6zm14 0H8v2h12V6zM4 11h2v2H4v-2zm16 0H8v2h12v-2zM4 16h2v2H4v-2zm16 0H8v2h12v-2z\" fill=\"currentColor\"><\/path><\/svg><svg style=\"fill: #999;color:#999\" class=\"arrow-unsorted-368013\" xmlns=\"http:\/\/www.w3.org\/2000\/svg\" width=\"10px\" height=\"10px\" viewBox=\"0 0 24 24\" version=\"1.2\" baseProfile=\"tiny\"><path d=\"M18.2 9.3l-6.2-6.3-6.2 6.3c-.2.2-.3.4-.3.7s.1.5.3.7c.2.2.4.3.7.3h11c.3 0 .5-.1.7-.3.2-.2.3-.5.3-.7s-.1-.5-.3-.7zM5.8 14.7l6.2 6.3 6.2-6.3c.2-.2.3-.5.3-.7s-.1-.5-.3-.7c-.2-.2-.4-.3-.7-.3h-11c-.3 0-.5.1-.7.3-.2.2-.3.5-.3.7s.1.5.3.7z\"\/><\/svg><\/span><\/span><\/span><\/a><\/span><\/div>\n<nav><ul class='ez-toc-list ez-toc-list-level-1 ' ><li class='ez-toc-page-1 ez-toc-heading-level-1'><a class=\"ez-toc-link ez-toc-heading-1\" href=\"https:\/\/albanisch-muenchen.de\/sq\/deftuesi\/#Jonida_Xhyra-Entorf\" >Jonida Xhyra-Entorf<\/a><ul class='ez-toc-list-level-3' ><li class='ez-toc-heading-level-3'><ul class='ez-toc-list-level-3' ><li class='ez-toc-heading-level-3'><a class=\"ez-toc-link ez-toc-heading-2\" href=\"https:\/\/albanisch-muenchen.de\/sq\/deftuesi\/#Deftuesi\" >D\u00ebftuesi<\/a><ul class='ez-toc-list-level-4' ><li class='ez-toc-heading-level-4'><a class=\"ez-toc-link ez-toc-heading-3\" href=\"https:\/\/albanisch-muenchen.de\/sq\/deftuesi\/#Te_dhenat_sipas_%C2%A75_TMG_Ligji_gjerman_per_telekomunikacionin_dhe_%C2%A72_DL-InfoV_Rregullorja_gjermane_per_detyrimet_informative_dhe_ofruesit_e_sherbimeve\" >T\u00eb dh\u00ebnat sipas \u00a75 TMG (Ligji gjerman p\u00ebr telekomunikacionin) dhe \u00a72 DL-InfoV (Rregullorja gjermane p\u00ebr detyrimet informative dhe ofruesit e sh\u00ebrbimeve)<\/a><\/li><li class='ez-toc-page-1 ez-toc-heading-level-4'><a class=\"ez-toc-link ez-toc-heading-4\" href=\"https:\/\/albanisch-muenchen.de\/sq\/deftuesi\/#Mundesite_e_kontaktimit\" >Mund\u00ebsit\u00eb e kontaktimit<\/a><\/li><li class='ez-toc-page-1 ez-toc-heading-level-4'><a class=\"ez-toc-link ez-toc-heading-5\" href=\"https:\/\/albanisch-muenchen.de\/sq\/deftuesi\/#Taksa_e_vleres_se_shtuar\" >Taksa e vler\u00ebs s\u00eb shtuar<\/a><\/li><li class='ez-toc-page-1 ez-toc-heading-level-4'><a class=\"ez-toc-link ez-toc-heading-6\" href=\"https:\/\/albanisch-muenchen.de\/sq\/deftuesi\/#Te_dhena_lidhur_me_siguracionin_per_garancine_profesionale\" >T\u00eb dh\u00ebna lidhur me siguracionin p\u00ebr garancin\u00eb profesionale<\/a><\/li><li class='ez-toc-page-1 ez-toc-heading-level-4'><a class=\"ez-toc-link ez-toc-heading-7\" href=\"https:\/\/albanisch-muenchen.de\/sq\/deftuesi\/#Zgjidhja_e_mosmarreveshjeve\" >Zgjidhja e mosmarr\u00ebveshjeve<\/a><\/li><li class='ez-toc-page-1 ez-toc-heading-level-4'><a class=\"ez-toc-link ez-toc-heading-8\" href=\"https:\/\/albanisch-muenchen.de\/sq\/deftuesi\/#Garancia_per_permbajtjet\" >Garancia p\u00ebr p\u00ebrmbajtjet<\/a><\/li><li class='ez-toc-page-1 ez-toc-heading-level-4'><a class=\"ez-toc-link ez-toc-heading-9\" href=\"https:\/\/albanisch-muenchen.de\/sq\/deftuesi\/#Garancia_per_lidhjet\" >Garancia p\u00ebr lidhjet<\/a><\/li><li class='ez-toc-page-1 ez-toc-heading-level-4'><a class=\"ez-toc-link ez-toc-heading-10\" href=\"https:\/\/albanisch-muenchen.de\/sq\/deftuesi\/#E_drejta_e_autorit\" >E drejta e autorit<\/a><\/li><\/ul><\/li><li class='ez-toc-page-1 ez-toc-heading-level-3'><a class=\"ez-toc-link ez-toc-heading-11\" href=\"https:\/\/albanisch-muenchen.de\/sq\/deftuesi\/#Te_dhenat_bankare\" >T\u00eb dh\u00ebnat bankare<\/a><ul class='ez-toc-list-level-4' ><li class='ez-toc-heading-level-4'><a class=\"ez-toc-link ez-toc-heading-12\" href=\"https:\/\/albanisch-muenchen.de\/sq\/deftuesi\/#Pergjegjese_per_permbajtjen_sipas_%C2%A7_10_pika_Absatz_3_MDStV_te_se_drejtes_gjermane_eshte\" >P\u00ebrgjegj\u00ebse p\u00ebr p\u00ebrmbajtjen sipas \u00a7 10 pika Absatz 3 MDStV t\u00eb s\u00eb drejt\u00ebs gjermane \u00ebsht\u00eb<\/a><\/li><li class='ez-toc-page-1 ez-toc-heading-level-4'><a class=\"ez-toc-link ez-toc-heading-13\" href=\"https:\/\/albanisch-muenchen.de\/sq\/deftuesi\/#Pronar_i_domenit_dhe_formatues\" >Pronar i domenit dhe formatues<\/a><\/li><li class='ez-toc-page-1 ez-toc-heading-level-4'><a class=\"ez-toc-link ez-toc-heading-14\" href=\"https:\/\/albanisch-muenchen.de\/sq\/deftuesi\/#Kushtet_e_pergjithshme_te_biznesit\" >Kushtet e p\u00ebrgjithshme t\u00eb biznesit:<\/a><\/li><\/ul><\/li><\/ul><\/li><\/ul><\/li><\/ul><\/nav><\/div>\n<h1 class='av-special-heading-tag '  itemprop=\"headline\"  ><span class=\"ez-toc-section\" id=\"Jonida_Xhyra-Entorf\"><\/span>Jonida Xhyra-Entorf<span class=\"ez-toc-section-end\"><\/span><\/h1><div class=\"special-heading-border\"><div class=\"special-heading-inner-border\"><\/div><\/div><\/div>\n\n<style type=\"text\/css\" data-created_by=\"avia_inline_auto\" id=\"style-css-av-lidbafrf-a77234dec0f6689cee1d133d754129a7\">\n#top .hr.hr-invisible.av-lidbafrf-a77234dec0f6689cee1d133d754129a7{\nmargin-top:-20px;\nheight:1px;\n}\n<\/style>\n<div  class='hr av-lidbafrf-a77234dec0f6689cee1d133d754129a7 hr-invisible  avia-builder-el-1  el_after_av_heading  el_before_av_heading '><span class='hr-inner '><span class=\"hr-inner-style\"><\/span><\/span><\/div>\n\n<style type=\"text\/css\" data-created_by=\"avia_inline_auto\" id=\"style-css-av-286372-08d37b32a55afd800a1a86e022f070ba\">\n#top .av-special-heading.av-286372-08d37b32a55afd800a1a86e022f070ba{\npadding-bottom:10px;\n}\nbody .av-special-heading.av-286372-08d37b32a55afd800a1a86e022f070ba .av-special-heading-tag .heading-char{\nfont-size:25px;\n}\n.av-special-heading.av-286372-08d37b32a55afd800a1a86e022f070ba .av-subheading{\nfont-size:10px;\n}\n<\/style>\n<div  class='av-special-heading av-286372-08d37b32a55afd800a1a86e022f070ba av-special-heading-h3  avia-builder-el-2  el_after_av_hr  el_before_av_one_third '><h3 class='av-special-heading-tag '  itemprop=\"headline\"  ><span class=\"ez-toc-section\" id=\"Deftuesi\"><\/span>D\u00ebftuesi<span class=\"ez-toc-section-end\"><\/span><\/h3><div class=\"special-heading-border\"><div class=\"special-heading-inner-border\"><\/div><\/div><\/div>\n\n<style type=\"text\/css\" data-created_by=\"avia_inline_auto\" id=\"style-css-av-p4dary-f46d520e7520da9bc3eee2f0425887dc\">\n.flex_column.av-p4dary-f46d520e7520da9bc3eee2f0425887dc{\nborder-radius:0px 0px 0px 0px;\npadding:0px 0px 0px 0px;\n}\n<\/style>\n<div  class='flex_column av-p4dary-f46d520e7520da9bc3eee2f0425887dc av_one_third  avia-builder-el-3  el_after_av_heading  el_before_av_two_third  first flex_column_div av-zero-column-padding  '     ><style type=\"text\/css\" data-created_by=\"avia_inline_auto\" id=\"style-css-av-oprr0u-11bb7e101c488cf2e7f7cac35941826c\">\n.avia-image-container.av-oprr0u-11bb7e101c488cf2e7f7cac35941826c img.avia_image{\nbox-shadow:none;\n}\n.avia-image-container.av-oprr0u-11bb7e101c488cf2e7f7cac35941826c .av-image-caption-overlay-center{\ncolor:#ffffff;\n}\n<\/style>\n<div  class='avia-image-container av-oprr0u-11bb7e101c488cf2e7f7cac35941826c av-styling- avia-align-center  avia-builder-el-4  avia-builder-el-no-sibling '   itemprop=\"image\" itemscope=\"itemscope\" itemtype=\"https:\/\/schema.org\/ImageObject\" ><div class=\"avia-image-container-inner\"><div class=\"avia-image-overlay-wrap\"><img decoding=\"async\" fetchpriority=\"high\" class=\"wp-image-6343 avia-img-lazy-loading-not-6343 avia_image \" src=\"https:\/\/albanisch-muenchen.de\/wp-content\/uploads\/2021\/12\/Impressum-500px-alb.jpg\" alt=\"\" title=\"Impressum 500px alb\" height=\"334\" width=\"500\" itemprop=\"thumbnailUrl\" srcset=\"https:\/\/albanisch-muenchen.de\/wp-content\/uploads\/2021\/12\/Impressum-500px-alb.jpg 500w, https:\/\/albanisch-muenchen.de\/wp-content\/uploads\/2021\/12\/Impressum-500px-alb-300x200.jpg 300w\" sizes=\"(max-width: 500px) 100vw, 500px\"><\/div><\/div><\/div><\/div>\n\n<style type=\"text\/css\" data-created_by=\"avia_inline_auto\" id=\"style-css-av-lsvtdq-ec9489c9db14611c34f6b6a4730da9e6\">\n.flex_column.av-lsvtdq-ec9489c9db14611c34f6b6a4730da9e6{\nborder-radius:0px 0px 0px 0px;\npadding:0px 0px 0px 0px;\n}\n<\/style>\n<div  class='flex_column av-lsvtdq-ec9489c9db14611c34f6b6a4730da9e6 av_two_third  avia-builder-el-5  el_after_av_one_third  el_before_av_textblock  flex_column_div av-zero-column-padding  '     ><section  class='av_textblock_section av-kkzydq-d887b319839d9cbcdebdb760a0aea1d4 '   itemscope=\"itemscope\" itemtype=\"https:\/\/schema.org\/CreativeWork\" ><div class='avia_textblock'  itemprop=\"text\" ><h4><span class=\"ez-toc-section\" id=\"Te_dhenat_sipas_%C2%A75_TMG_Ligji_gjerman_per_telekomunikacionin_dhe_%C2%A72_DL-InfoV_Rregullorja_gjermane_per_detyrimet_informative_dhe_ofruesit_e_sherbimeve\"><\/span>T\u00eb dh\u00ebnat sipas \u00a75 TMG (Ligji gjerman p\u00ebr telekomunikacionin) dhe \u00a72 DL-InfoV (Rregullorja gjermane p\u00ebr detyrimet informative dhe ofruesit e sh\u00ebrbimeve)<span class=\"ez-toc-section-end\"><\/span><\/h4>\n<p>Dr. Jonida Xhyra-Entorf<\/p>\n<p>P\u00ebrkthyese e autorizuar dhe e betuar p\u00ebr gjuh\u00ebn shqipe<\/p>\n<p>P\u00ebrkthyese n\u00eb profesion t\u00eb lir\u00eb dhe m\u00ebsuese p\u00ebr gjuh\u00ebt shqip dhe gjermanisht<\/p>\n<p>An\u00ebtare n\u00eb BD\u00dc (Shoqata Gjermane e P\u00ebrkthyesve)<\/p>\n<p>Klingerstrasse 28<\/p>\n<p>D-81369 M\u00fcnchen<\/p>\n<p>Germany<\/p>\n<\/div><\/section><\/div>\n<section  class='av_textblock_section av-iwdta6-9ac0ec0d9115eda0d5d5ee7f98cff4a8 '   itemscope=\"itemscope\" itemtype=\"https:\/\/schema.org\/CreativeWork\" ><div class='avia_textblock'  itemprop=\"text\" ><h4><span class=\"ez-toc-section\" id=\"Mundesite_e_kontaktimit\"><\/span>Mund\u00ebsit\u00eb e kontaktimit<span class=\"ez-toc-section-end\"><\/span><\/h4>\n<p><span style=\"color: #000000;\">Telefon: +49 89 354 2457<\/span><\/p>\n<p><span style=\"color: #000000;\">E-Mail: info@xhyra-entorf.de<\/span><\/p>\n<h4><span class=\"ez-toc-section\" id=\"Taksa_e_vleres_se_shtuar\"><\/span><span style=\"color: #000000;\">T<\/span><span style=\"font-size: 18px; font-weight: 600;\">aksa e vler\u00ebs s\u00eb shtuar<\/span><span class=\"ez-toc-section-end\"><\/span><\/h4>\n<p>N\u00eb llogarit\u00eb e p\u00ebrkthimeve nuk p\u00ebrfshihet taksa e vler\u00ebs s\u00eb shtuar sipas \u00a7 27a UStG t\u00eb s\u00eb drejt\u00ebs gjermane. Numri i identifikimit p\u00ebr taks\u00ebn: 144\/222\/00275.<\/p>\n<h4><span class=\"ez-toc-section\" id=\"Te_dhena_lidhur_me_siguracionin_per_garancine_profesionale\"><\/span>T\u00eb dh\u00ebna lidhur me siguracionin p\u00ebr garancin\u00eb profesionale<span class=\"ez-toc-section-end\"><\/span><\/h4>\n<p>Em\u00ebrtimi dhe adresa e shoqat\u00ebs:<\/p>\n<p>W\u00fcrttembergischen Versicherung<\/p>\n<p>Kutia postare 100219<\/p>\n<p>76232 Karlsruhe<\/p>\n<p>Deutschland<\/p>\n<p>Juridiksioni i siguracionit: pretendimet p\u00ebr t\u2019u b\u00ebr\u00eb garant nga ana e gjykatave t\u00eb huaja jan\u00eb t\u00eb p\u00ebrjashtuara nga oferta e siguracionit. Ky p\u00ebrjashtim nuk vlen p\u00ebr vendet e Komunitetit Europian dhe p\u00ebr Zvicr\u00ebn.<\/p>\n<h4><span class=\"ez-toc-section\" id=\"Zgjidhja_e_mosmarreveshjeve\"><\/span>Zgjidhja e mosmarr\u00ebveshjeve<span class=\"ez-toc-section-end\"><\/span><\/h4>\n<p>Komisioni Europian ka parashtruar nj\u00eb platform\u00eb t\u00eb gatshme p\u00ebr zgjidhjen e mosmarr\u00ebveshjeve online:\u00a0<a href=\"https:\/\/ec.europa.eu\/consumers\/odr\" target=\"_blank\" rel=\"noopener\">https:\/\/ec.europa.eu\/consumers\/odr<\/a>.<\/p>\n<p>Adres\u00ebn ton\u00eb elektronike mund ta gjeni sip\u00ebr tek d\u00ebftuesi.<\/p>\n<p>Ne jemi t\u00eb gatsh\u00ebm ose t\u00eb detyruar t\u00eb marrim pjes\u00eb n\u00eb procedur\u00ebn e zgjidhjes s\u00eb mosmarr\u00ebveshjeve q\u00eb zhvillohet n\u00eb nj\u00eb institucion p\u00ebrkat\u00ebs p\u00ebr konsumator\u00ebt.<\/p>\n<h4><span class=\"ez-toc-section\" id=\"Garancia_per_permbajtjet\"><\/span>Garancia p\u00ebr p\u00ebrmbajtjet<span class=\"ez-toc-section-end\"><\/span><\/h4>\n<p>Si ofrues t\u00eb nj\u00eb sh\u00ebrbimi t\u00eb caktuar ne jemi p\u00ebrgjegj\u00ebs sipas \u00a7 7 paragr.1 TMG (Ligji p\u00ebr telemediat) p\u00ebr p\u00ebrmbajtjet q\u00eb kemi ofruar vet\u00eb n\u00eb faqen ton\u00eb elektronike n\u00eb p\u00ebrputhje me kuadrin e p\u00ebrgjithsh\u00ebm ligjor.<\/p>\n<p>Por si ofrues t\u00eb nj\u00eb sh\u00ebrbimi t\u00eb caktuar sipas \u00a7\u00a7 8 deri 10 TMG (Ligji p\u00ebr telemediat),\u00a0 ne nuk jemi t\u00eb detyruar t\u00eb mbik\u00ebqyrim informacione t\u00eb huaja t\u00eb transmetuara ose t\u00eb memoirizuara apo t\u00eb hetojm\u00eb rrethanat q\u00eb d\u00ebshmojn\u00eb nj\u00eb veprimtari t\u00eb kund\u00ebrligjshme.<\/p>\n<p>Paragraf\u00ebt e m\u00ebsip\u00ebrm nuk prekin detyrimet p\u00ebr largimin ose bllokimin e shfryt\u00ebzimit t\u00eb informacioneve n\u00eb p\u00ebrputhje me kuadrin e p\u00ebrgjithsh\u00ebm ligjor. Nj\u00eb garanci p\u00ebrkat\u00ebse p\u00ebr k\u00ebt\u00eb gj\u00eb \u00ebsht\u00eb e mundur megjithat\u00eb qysh nga momenti kur b\u00ebhet e njohur nj\u00eb shkelje konkrete e ligjit. N\u00eb rast se b\u00ebhen t\u00eb njohura shkelje ligjore p\u00ebrkat\u00ebse, at\u00ebher\u00eb ne do t\u2019i largojm\u00eb menj\u00ebher\u00eb k\u00ebto p\u00ebrmbajtje.<\/p>\n<h4><span class=\"ez-toc-section\" id=\"Garancia_per_lidhjet\"><\/span>Garancia p\u00ebr lidhjet<span class=\"ez-toc-section-end\"><\/span><\/h4>\n<p>Oferta jon\u00eb p\u00ebrmban lidhje q\u00eb t\u00eb \u00e7ojn\u00eb n\u00eb faqe elektronike eksterne t\u00eb institucioneve t\u00eb tjera, p\u00ebr p\u00ebrmbajtjen e t\u00eb cilave ne nuk kemi asnj\u00eb ndikim. P\u00ebr k\u00ebt\u00eb arsye ne nuk mund t\u00eb marrim p\u00ebrsip\u00ebr asnj\u00eb garanci p\u00ebr p\u00ebrmbajtje q\u00eb nuk jan\u00eb tonat. P\u00ebr p\u00ebrmbajtjen e faqeve t\u00eb lidhura \u00ebsht\u00eb gjithmon\u00eb p\u00ebrgjegj\u00ebs ofruesi p\u00ebrkat\u00ebs i tyre. Faqet e lidhura jan\u00eb kontrolluar nga ana jon\u00eb para se t\u00eb ofrohet lidhja e tyre p\u00ebr shkelje t\u00eb mundshme ligjore. N\u00eb koh\u00ebn kur \u00ebsht\u00eb ofruar lidhja nuk kemi v\u00ebn\u00eb re p\u00ebrmbajtje t\u00eb kund\u00ebrligjshme.<\/p>\n<p>Ne nuk mund t\u00eb pretendojm\u00eb t\u00eb b\u00ebjm\u00eb nj\u00eb kontroll t\u00eb vazhduesh\u00ebm t\u00eb p\u00ebrmbajtjeve t\u00eb faqeve t\u00eb lidhura, pa pasur t\u00eb dh\u00ebna konkrete p\u00ebr shkelje ligjore. Ne do t\u2019i largojm\u00eb menj\u00ebher\u00eb lidhje t\u00eb tilla n\u00eb momentin q\u00eb do t\u00eb b\u00ebhet e njohur se ka shkelje ligjore.<\/p>\n<h4><span class=\"ez-toc-section\" id=\"E_drejta_e_autorit\"><\/span>E drejta e autorit<span class=\"ez-toc-section-end\"><\/span><\/h4>\n<p>P\u00ebrmbajtjet e parashtruara n\u00eb rubrikat e k\u00ebsaj faqeje elektronike i n\u00ebnshtrohen t\u00eb drejt\u00ebs s\u00eb autorit sipas juridiksionit gjerman n\u00eb fuqi. P\u00ebr shum\u00ebfishimin, p\u00ebrpunimin, p\u00ebrhapjen dhe \u00e7do lloj rip\u00ebrdorimi t\u00eb tyre jasht\u00eb kufijve q\u00eb parashikon ligji p\u00ebr t\u00eb drejt\u00ebn e autorit, \u00ebsht\u00eb e nevojshme t\u00eb merret miratimi me shkrim i autorit p\u00ebrkat\u00ebs. Shkarkimi dhe kopjimi i k\u00ebsaj faqeje elektronike jan\u00eb t\u00eb lejueshme vet\u00ebm p\u00ebr q\u00ebllime private dhe jo komerciale.<\/p>\n<p>P\u00ebr p\u00ebrmbajtjet n\u00eb k\u00ebt\u00eb faqe elektronike q\u00eb nuk jan\u00eb krijuar nga ofruesi i saj, do t\u00eb respektohet ligji p\u00ebr t\u00eb drejt\u00ebn e autorit lidhur me personat apo institucionet p\u00ebrkat\u00ebs. N\u00eb m\u00ebnyr\u00eb t\u00eb ve\u00e7ant\u00eb p\u00ebr p\u00ebrmbajtjet e personave apo institucioneve t\u00eb tjer\u00eb do t\u00eb b\u00ebhet e ditur se jan\u00eb t\u00eb tilla. N\u00ebse juve megjithat\u00eb ju t\u00ebrheq v\u00ebmendjen shkelja e t\u00eb drejt\u00ebs s\u00eb autorit n\u00eb k\u00ebt\u00eb rast, ju lutemi t\u00eb na b\u00ebni njoftimin p\u00ebrkat\u00ebs. Ne do t\u2019i largojm\u00eb menj\u00ebher\u00eb p\u00ebrmbajtje t\u00eb tilla n\u00eb momentin q\u00eb do t\u00eb b\u00ebhet e njohur se ka shkelje ligjore.<\/p>\n<\/div><\/section>\n\n<style type=\"text\/css\" data-created_by=\"avia_inline_auto\" id=\"style-css-av-14wc4u-9b7ba827c3b261be046f3567a5d43e11\">\n#top .hr.hr-invisible.av-14wc4u-9b7ba827c3b261be046f3567a5d43e11{\nheight:20px;\n}\n<\/style>\n<div  class='hr av-14wc4u-9b7ba827c3b261be046f3567a5d43e11 hr-invisible  avia-builder-el-8  el_after_av_textblock  el_before_av_textblock '><span class='hr-inner '><span class=\"hr-inner-style\"><\/span><\/span><\/div>\n<section  class='av_textblock_section av-fmdhgu-2fef01e7ecbc30c22c83cd41744ac5a8 '   itemscope=\"itemscope\" itemtype=\"https:\/\/schema.org\/CreativeWork\" ><div class='avia_textblock'  itemprop=\"text\" ><h3><span class=\"ez-toc-section\" id=\"Te_dhenat_bankare\"><\/span>T\u00eb dh\u00ebnat bankare<span class=\"ez-toc-section-end\"><\/span><\/h3>\n<p>Commerzbank M\u00fcnchen<\/p>\n<p>Kodi bankar: 700 800 00<\/p>\n<p>Numri i kontos: 0750 359300<\/p>\n<p>BIC\/SWIFT: DRESDEFF700<\/p>\n<p>IBAN: DE36 7008 0000 0750 3593 00<\/p>\n<h4><span class=\"ez-toc-section\" id=\"Pergjegjese_per_permbajtjen_sipas_%C2%A7_10_pika_Absatz_3_MDStV_te_se_drejtes_gjermane_eshte\"><\/span>P\u00ebrgjegj\u00ebse p\u00ebr p\u00ebrmbajtjen sipas \u00a7 10 pika Absatz 3 MDStV t\u00eb s\u00eb drejt\u00ebs gjermane \u00ebsht\u00eb<span class=\"ez-toc-section-end\"><\/span><\/h4>\n<p>Dr. Jonida Xhyra-Entorf (p\u00ebr m\u00ebnyr\u00ebn e kontaktimit shikoni m\u00eb lart)<\/p>\n<h4><span class=\"ez-toc-section\" id=\"Pronar_i_domenit_dhe_formatues\"><\/span>Pronar i domenit dhe formatues<span class=\"ez-toc-section-end\"><\/span><\/h4>\n<p>Klaus-Peter Entorf (p\u00ebr m\u00ebnyr\u00ebn e kontaktimit shikoni m\u00eb lart)<\/p>\n<\/div><\/section>\n\n<style type=\"text\/css\" data-created_by=\"avia_inline_auto\" id=\"style-css-av-dpfhm6-d4ce41aa12d23d521154540bd9626b68\">\n#top .hr.hr-invisible.av-dpfhm6-d4ce41aa12d23d521154540bd9626b68{\nheight:20px;\n}\n<\/style>\n<div  class='hr av-dpfhm6-d4ce41aa12d23d521154540bd9626b68 hr-invisible  avia-builder-el-10  el_after_av_textblock  el_before_av_textblock '><span class='hr-inner '><span class=\"hr-inner-style\"><\/span><\/span><\/div>\n<section  class='av_textblock_section av-i1bexq-b6201ffcf25eba74609ecb804d7ca56a '   itemscope=\"itemscope\" itemtype=\"https:\/\/schema.org\/CreativeWork\" ><div class='avia_textblock'  itemprop=\"text\" ><h4><span class=\"ez-toc-section\" id=\"Kushtet_e_pergjithshme_te_biznesit\"><\/span>Kushtet e p\u00ebrgjithshme t\u00eb biznesit:<span class=\"ez-toc-section-end\"><\/span><\/h4>\n<p>AGB \u00a9 blende11.photo \u2013 Fotolia.com<\/p>\n<p>Shqip-gjermanisht:<\/p>\n<p>Dr. J. Xhyra-Entorf \u00a9 Dr. J. Xhyra-Entorf<\/p>\n<p>Online translation service concept \u00a9 cienpies \u2013 Fotolia.com<\/p>\n<p>P\u00ebrkthim me z\u00eb t\u00eb ul\u00ebt \u00a9 psdesign1 \u2013 Fotolia.com<\/p>\n<p>Tabel\u00eb e zez\u00eb me shkum\u00ebs dhe viz\u00eb \u00a9 Robert Kneschke \u2013 Fotolia.com<\/p>\n<p>books front green blackboard \u00a9 Cherries \u2013 Fotolia.com<\/p>\n<p>Paragraph sign on the vintage book \u00a9 Maksym Yemelyanov \u2013 Fotolia.com<\/p>\n<p>International Meeting\u00a9iStockphoto.com\/Ercan Sucek<\/p>\n<p>3d illustration of bright empty classroom for lessons and training \u00a9\u00a0 \u2013 Fotolia.com<\/p>\n<p>Mbrojtja e t\u00eb dh\u00ebnave:<\/p>\n<p>Keyboard and open padlock\u00a9iStockphoto.com\/Rallef<\/p>\n<p>P\u00ebrkthimi me goj\u00eb:<\/p>\n<p>International Meeting\u00a9iStockphoto.com\/Ercan Sucek<\/p>\n<p>D\u00ebftuesi:<\/p>\n<p>D\u00ebftuesi \u00a9 Marco2811 \u2013 Fotolia.com<\/p>\n<p>Mund\u00ebsit\u00eb e kontaktimit:<\/p>\n<p>Contact us \u2013 Set of blue buttons \u00a9 dehweh \u2013 Fotolia.com<\/p>\n<p>Lidhjet:<\/p>\n<p>3d Links \u00a9 fotomek \u2013 Fotolia.com<\/p>\n<p>\u00c7mimet:<\/p>\n<p>Taschenrechner \u00a9 pfpgroup \u2013 Fotolia.com<\/p>\n<p>Kualifikimi:<\/p>\n<p>Dr. J. Xhyra-Entorf \u00a9 Dr. J. Xhyra-Entorf<\/p>\n<p>BD\u00dc \u00a9 BD\u00dc<\/p>\n<p>P\u00ebrfundimi i studimeve me diplom\u00eb \u00a9 fotomek \u2013 Fotolia.com<\/p>\n<p>Referencat:<\/p>\n<p>hand holding a white business card on a blue background \u00a9 projectio \u2013 Fotolia.com<\/p>\n<p>M\u00ebsimi I gjuh\u00ebs:<\/p>\n<p>3d illustration of bright empty classroom for lessons and training \u00a9 sveta \u2013 Fotolia.com<\/p>\n<p>Gjuha shqipe:<\/p>\n<p>Hap\u00ebsira shqipfol\u00ebse \u00a9 Dr. J. Xhyra-Entorf<\/p>\n<p>P\u00ebrkthimi me shkrim:<\/p>\n<p>Paragraph sign on the vintage book \u00a9 Maksym Yemelyanov \u2013 Fotolia.com<\/p>\n<p>Botimet:<\/p>\n<p>Titulli i librit \u00a9 Harassowitz.de<\/p>\n<\/div><\/section>\n<div  class='hr av-kxw58rbn-1afc5fadb04aa5467a0219216d09264e hr-default  avia-builder-el-12  el_after_av_textblock  el_before_av_one_full '><span class='hr-inner '><span class=\"hr-inner-style\"><\/span><\/span><\/div>\n\n<style type=\"text\/css\" data-created_by=\"avia_inline_auto\" id=\"style-css-av-8zm8ge-d8cdbcbaa4548b0c10124372f8e127bf\">\n.flex_column.av-8zm8ge-d8cdbcbaa4548b0c10124372f8e127bf{\nborder-radius:0px 0px 0px 0px;\npadding:0px 0px 0px 0px;\n}\n<\/style>\n<div  class='flex_column av-8zm8ge-d8cdbcbaa4548b0c10124372f8e127bf av_one_full  avia-builder-el-13  el_after_av_hr  el_before_av_button  first flex_column_div av-zero-column-padding  '     ><section  class='av_textblock_section av-7wlp6m-9a7552bd9962fad87cf12bb0f0c2f11a '   itemscope=\"itemscope\" itemtype=\"https:\/\/schema.org\/CreativeWork\" ><div class='avia_textblock'  itemprop=\"text\" ><p>Formatimi \u00ebsht\u00eb b\u00ebr\u00eb sipas nj\u00eb shembulli t\u00eb ofruar nga WordPress-Vorlage Enfold<\/p>\n<p>Burimi: <em><a href=\"http:\/\/www.e-recht24.de\" rel=\"nofollow noopener\" target=\"_blank\">http:\/\/www.e-recht24.de<\/a><\/em><\/p>\n<\/div><\/section><\/div>\n<div  class='avia-button-wrap av-libyt1mw-31f259d1c097d3b662a29ff9e4a55622-wrap avia-button-center  avia-builder-el-15  el_after_av_one_full  avia-builder-el-last '><a href=\"https:\/\/albanisch-muenchen.de\/sq\/\" class=\"avia-button av-libyt1mw-31f259d1c097d3b662a29ff9e4a55622 av-link-btn avia-icon_select-yes-left-icon avia-size-small avia-position-center avia-color-theme-color\" aria-label=\"Homepage\"><span class='avia_button_icon avia_button_icon_left avia-iconfont avia-font-entypo-fontello' data-av_icon='\ue821' data-av_iconfont='entypo-fontello' ><\/span><span class='avia_iconbox_title' >Homepage<\/span><\/a><\/div>\n","protected":false},"excerpt":{"rendered":"","protected":false},"author":1,"featured_media":0,"parent":0,"menu_order":0,"comment_status":"closed","ping_status":"closed","template":"","meta":{"footnotes":""},"class_list":["post-6337","page","type-page","status-publish","hentry"],"_links":{"self":[{"href":"https:\/\/albanisch-muenchen.de\/sq\/wp-json\/wp\/v2\/pages\/6337","targetHints":{"allow":["GET"]}}],"collection":[{"href":"https:\/\/albanisch-muenchen.de\/sq\/wp-json\/wp\/v2\/pages"}],"about":[{"href":"https:\/\/albanisch-muenchen.de\/sq\/wp-json\/wp\/v2\/types\/page"}],"author":[{"embeddable":true,"href":"https:\/\/albanisch-muenchen.de\/sq\/wp-json\/wp\/v2\/users\/1"}],"replies":[{"embeddable":true,"href":"https:\/\/albanisch-muenchen.de\/sq\/wp-json\/wp\/v2\/comments?post=6337"}],"version-history":[{"count":0,"href":"https:\/\/albanisch-muenchen.de\/sq\/wp-json\/wp\/v2\/pages\/6337\/revisions"}],"wp:attachment":[{"href":"https:\/\/albanisch-muenchen.de\/sq\/wp-json\/wp\/v2\/media?parent=6337"}],"curies":[{"name":"wp","href":"https:\/\/api.w.org\/{rel}","templated":true}]}}