{"id":6602,"date":"2021-12-05T16:15:04","date_gmt":"2021-12-05T15:15:04","guid":{"rendered":"https:\/\/albanisch-muenchen.de\/?page_id=6602"},"modified":"2023-06-01T17:47:59","modified_gmt":"2023-06-01T15:47:59","slug":"cmimet","status":"publish","type":"page","link":"https:\/\/albanisch-muenchen.de\/sq\/cmimet\/","title":{"rendered":"\u00c7mimet (Preise)"},"content":{"rendered":"\n<style type=\"text\/css\" data-created_by=\"avia_inline_auto\" id=\"style-css-av-lidb7x1a-8eca4bb3562e6c67684233ac059610e4\">\n#top .av-special-heading.av-lidb7x1a-8eca4bb3562e6c67684233ac059610e4{\npadding-bottom:10px;\n}\nbody .av-special-heading.av-lidb7x1a-8eca4bb3562e6c67684233ac059610e4 .av-special-heading-tag .heading-char{\nfont-size:25px;\n}\n.av-special-heading.av-lidb7x1a-8eca4bb3562e6c67684233ac059610e4 .av-subheading{\nfont-size:15px;\n}\n<\/style>\n<div  class='av-special-heading av-lidb7x1a-8eca4bb3562e6c67684233ac059610e4 av-special-heading-h1  avia-builder-el-0  el_before_av_hr  avia-builder-el-first '><div id=\"ez-toc-container\" class=\"ez-toc-v2_0_82_2 counter-hierarchy ez-toc-counter ez-toc-grey ez-toc-container-direction\">\n<div class=\"ez-toc-title-container\">\n<p class=\"ez-toc-title ez-toc-toggle\" style=\"cursor:pointer\">Inhalt<\/p>\n<span class=\"ez-toc-title-toggle\"><a href=\"#\" class=\"ez-toc-pull-right ez-toc-btn ez-toc-btn-xs ez-toc-btn-default ez-toc-toggle\" aria-label=\"Toggle Table of Content\"><span class=\"ez-toc-js-icon-con\"><span class=\"\"><span class=\"eztoc-hide\" style=\"display:none;\">Toggle<\/span><span class=\"ez-toc-icon-toggle-span\"><svg style=\"fill: #999;color:#999\" xmlns=\"http:\/\/www.w3.org\/2000\/svg\" class=\"list-377408\" width=\"20px\" height=\"20px\" viewBox=\"0 0 24 24\" fill=\"none\"><path d=\"M6 6H4v2h2V6zm14 0H8v2h12V6zM4 11h2v2H4v-2zm16 0H8v2h12v-2zM4 16h2v2H4v-2zm16 0H8v2h12v-2z\" fill=\"currentColor\"><\/path><\/svg><svg style=\"fill: #999;color:#999\" class=\"arrow-unsorted-368013\" xmlns=\"http:\/\/www.w3.org\/2000\/svg\" width=\"10px\" height=\"10px\" viewBox=\"0 0 24 24\" version=\"1.2\" baseProfile=\"tiny\"><path d=\"M18.2 9.3l-6.2-6.3-6.2 6.3c-.2.2-.3.4-.3.7s.1.5.3.7c.2.2.4.3.7.3h11c.3 0 .5-.1.7-.3.2-.2.3-.5.3-.7s-.1-.5-.3-.7zM5.8 14.7l6.2 6.3 6.2-6.3c.2-.2.3-.5.3-.7s-.1-.5-.3-.7c-.2-.2-.4-.3-.7-.3h-11c-.3 0-.5.1-.7.3-.2.2-.3.5-.3.7s.1.5.3.7z\"\/><\/svg><\/span><\/span><\/span><\/a><\/span><\/div>\n<nav><ul class='ez-toc-list ez-toc-list-level-1 ' ><li class='ez-toc-page-1 ez-toc-heading-level-1'><a class=\"ez-toc-link ez-toc-heading-1\" href=\"https:\/\/albanisch-muenchen.de\/sq\/cmimet\/#Jonida_Xhy-Entorf\" >Jonida Xhy-Entorf<\/a><ul class='ez-toc-list-level-2' ><li class='ez-toc-heading-level-2'><a class=\"ez-toc-link ez-toc-heading-2\" href=\"https:\/\/albanisch-muenchen.de\/sq\/cmimet\/#Cmimet\" >\u00c7mimet<\/a><ul class='ez-toc-list-level-5' ><li class='ez-toc-heading-level-5'><ul class='ez-toc-list-level-5' ><li class='ez-toc-heading-level-5'><ul class='ez-toc-list-level-5' ><li class='ez-toc-heading-level-5'><a class=\"ez-toc-link ez-toc-heading-3\" href=\"https:\/\/albanisch-muenchen.de\/sq\/cmimet\/#Llogaritja_e_cmimeve_varet_nga_sherbimi_i_deshiruar\" >Llogaritja e \u00e7mimeve varet nga sh\u00ebrbimi i d\u00ebshiruar<\/a><\/li><\/ul><\/li><\/ul><\/li><li class='ez-toc-page-1 ez-toc-heading-level-3'><a class=\"ez-toc-link ez-toc-heading-4\" href=\"https:\/\/albanisch-muenchen.de\/sq\/cmimet\/#Perkthimi_me_shkrim\" >P\u00ebrkthimi me shkrim<\/a><\/li><li class='ez-toc-page-1 ez-toc-heading-level-3'><a class=\"ez-toc-link ez-toc-heading-5\" href=\"https:\/\/albanisch-muenchen.de\/sq\/cmimet\/#Perkthimi_me_goje\" >P\u00ebrkthimi me goj\u00eb<\/a><\/li><li class='ez-toc-page-1 ez-toc-heading-level-3'><a class=\"ez-toc-link ez-toc-heading-6\" href=\"https:\/\/albanisch-muenchen.de\/sq\/cmimet\/#Mesimi_i_gjuhes\" >M\u00ebsimi i gjuh\u00ebs<\/a><\/li><\/ul><\/li><\/ul><\/li><\/ul><\/nav><\/div>\n<h1 class='av-special-heading-tag '  itemprop=\"headline\"  ><span class=\"ez-toc-section\" id=\"Jonida_Xhy-Entorf\"><\/span>Jonida Xhy-Entorf<span class=\"ez-toc-section-end\"><\/span><\/h1><div class=\"special-heading-border\"><div class=\"special-heading-inner-border\"><\/div><\/div><\/div>\n\n<style type=\"text\/css\" data-created_by=\"avia_inline_auto\" id=\"style-css-av-lidb85p2-50bf9b745c13516513c0118d113a97d1\">\n#top .hr.hr-invisible.av-lidb85p2-50bf9b745c13516513c0118d113a97d1{\nmargin-top:-20px;\nheight:1px;\n}\n<\/style>\n<div  class='hr av-lidb85p2-50bf9b745c13516513c0118d113a97d1 hr-invisible  avia-builder-el-1  el_after_av_heading  el_before_av_heading '><span class='hr-inner '><span class=\"hr-inner-style\"><\/span><\/span><\/div>\n\n<style type=\"text\/css\" data-created_by=\"avia_inline_auto\" id=\"style-css-av-1gvlc2b-5078cf6728480ec5646ab1b33151fd3c\">\n#top .av-special-heading.av-1gvlc2b-5078cf6728480ec5646ab1b33151fd3c{\npadding-bottom:10px;\n}\nbody .av-special-heading.av-1gvlc2b-5078cf6728480ec5646ab1b33151fd3c .av-special-heading-tag .heading-char{\nfont-size:25px;\n}\n.av-special-heading.av-1gvlc2b-5078cf6728480ec5646ab1b33151fd3c .av-subheading{\nfont-size:10px;\n}\n<\/style>\n<div  class='av-special-heading av-1gvlc2b-5078cf6728480ec5646ab1b33151fd3c av-special-heading-h2  avia-builder-el-2  el_after_av_hr  el_before_av_one_third '><h2 class='av-special-heading-tag '  itemprop=\"headline\"  ><span class=\"ez-toc-section\" id=\"Cmimet\"><\/span>\u00c7mimet<span class=\"ez-toc-section-end\"><\/span><\/h2><div class=\"special-heading-border\"><div class=\"special-heading-inner-border\"><\/div><\/div><\/div>\n\n<style type=\"text\/css\" data-created_by=\"avia_inline_auto\" id=\"style-css-av-50iihv-d5c17c0150a962aed98072e2bfab4b13\">\n.flex_column.av-50iihv-d5c17c0150a962aed98072e2bfab4b13{\nborder-radius:0px 0px 0px 0px;\npadding:0px 0px 0px 0px;\n}\n<\/style>\n<div  class='flex_column av-50iihv-d5c17c0150a962aed98072e2bfab4b13 av_one_third  avia-builder-el-3  el_after_av_heading  el_before_av_two_third  first flex_column_div av-zero-column-padding  '     ><style type=\"text\/css\" data-created_by=\"avia_inline_auto\" id=\"style-css-av-1cdb7pf-01809f2c82cd1c0db522da29099e0bd5\">\n.avia-image-container.av-1cdb7pf-01809f2c82cd1c0db522da29099e0bd5 img.avia_image{\nbox-shadow:none;\n}\n.avia-image-container.av-1cdb7pf-01809f2c82cd1c0db522da29099e0bd5 .av-image-caption-overlay-center{\ncolor:#ffffff;\n}\n<\/style>\n<div  class='avia-image-container av-1cdb7pf-01809f2c82cd1c0db522da29099e0bd5 av-styling- avia-align-left  avia-builder-el-4  avia-builder-el-no-sibling '   itemprop=\"image\" itemscope=\"itemscope\" itemtype=\"https:\/\/schema.org\/ImageObject\" ><div class=\"avia-image-container-inner\"><div class=\"avia-image-overlay-wrap\"><img decoding=\"async\" fetchpriority=\"high\" class='wp-image-8769 avia-img-lazy-loading-not-8769 avia_image ' src=\"https:\/\/albanisch-muenchen.de\/wp-content\/uploads\/2016\/07\/Taschenrechner-400px-300x200.jpg\" alt='\u00c7mimet' title='Taschenrechner'  height=\"200\" width=\"300\"  itemprop=\"thumbnailUrl\" srcset=\"https:\/\/albanisch-muenchen.de\/wp-content\/uploads\/2016\/07\/Taschenrechner-400px-300x200.jpg 300w, https:\/\/albanisch-muenchen.de\/wp-content\/uploads\/2016\/07\/Taschenrechner-400px.jpg 400w\" sizes=\"(max-width: 300px) 100vw, 300px\" \/><\/div><\/div><\/div><\/div>\n\n<style type=\"text\/css\" data-created_by=\"avia_inline_auto\" id=\"style-css-av-1au9h43-bf6baa8561a336437aebdca94511f887\">\n.flex_column.av-1au9h43-bf6baa8561a336437aebdca94511f887{\nborder-radius:0px 0px 0px 0px;\npadding:0px 0px 0px 0px;\n}\n<\/style>\n<div  class='flex_column av-1au9h43-bf6baa8561a336437aebdca94511f887 av_two_third  avia-builder-el-5  el_after_av_one_third  el_before_av_hr  flex_column_div av-zero-column-padding  '     ><section  class='av_textblock_section av-19jvdnn-34f0e9bd900770c1a1d0e1ed8cdcd135 '   itemscope=\"itemscope\" itemtype=\"https:\/\/schema.org\/CreativeWork\" ><div class='avia_textblock'  itemprop=\"text\" ><p>Korrektesa dhe ndershm\u00ebria luajn\u00eb nj\u00eb rol vendimtar p\u00ebr mua n\u00eb vendosjen e \u00e7mimit p\u00ebr pun\u00ebn e ofruar.<\/p>\n<p>P\u00ebr t\u00eb b\u00ebr\u00eb nj\u00eb ofert\u00eb konkrete mua m\u00eb duhet t\u00eb shikoj m\u00eb par\u00eb dokumentin ose dokumentet. P\u00ebr k\u00ebt\u00eb arsye ju lutem q\u00eb ta b\u00ebni t\u00eb mundur k\u00ebt\u00eb gj\u00eb p\u00ebrmes nj\u00eb mediumi q\u00eb \u00ebsht\u00eb i p\u00ebrshtatsh\u00ebm p\u00ebr ju.<\/p>\n<\/div><\/section><\/div>\n\n<style type=\"text\/css\" data-created_by=\"avia_inline_auto\" id=\"style-css-av-17skcwj-b79e8a671e1cc938e6076d7f5f037ef4\">\n#top .hr.hr-invisible.av-17skcwj-b79e8a671e1cc938e6076d7f5f037ef4{\nheight:20px;\n}\n<\/style>\n<div  class='hr av-17skcwj-b79e8a671e1cc938e6076d7f5f037ef4 hr-invisible  avia-builder-el-7  el_after_av_two_third  el_before_av_textblock '><span class='hr-inner '><span class=\"hr-inner-style\"><\/span><\/span><\/div>\n<section  class='av_textblock_section av-16z96sj-885b53dd47f576badf454767134c69d7 '   itemscope=\"itemscope\" itemtype=\"https:\/\/schema.org\/CreativeWork\" ><div class='avia_textblock'  itemprop=\"text\" ><h5><span class=\"ez-toc-section\" id=\"Llogaritja_e_cmimeve_varet_nga_sherbimi_i_deshiruar\"><\/span>Llogaritja e \u00e7mimeve varet nga sh\u00ebrbimi i d\u00ebshiruar<span class=\"ez-toc-section-end\"><\/span><\/h5>\n<\/div><\/section>\n\n<style type=\"text\/css\" data-created_by=\"avia_inline_auto\" id=\"style-css-av-p98fsj-f6d7addbb809c0b0a9be5f06600ca72d\">\n.flex_column.av-p98fsj-f6d7addbb809c0b0a9be5f06600ca72d{\nborder-radius:0px 0px 0px 0px;\npadding:0px 0px 0px 0px;\n}\n<\/style>\n<div  class='flex_column av-p98fsj-f6d7addbb809c0b0a9be5f06600ca72d av_one_full  avia-builder-el-9  el_after_av_textblock  el_before_av_button  first flex_column_div av-zero-column-padding  column-top-margin'     ><section  class='av_textblock_section av-oie04j-c39b631a328286d3115939521e204168 '   itemscope=\"itemscope\" itemtype=\"https:\/\/schema.org\/CreativeWork\" ><div class='avia_textblock'  itemprop=\"text\" ><h3><span class=\"ez-toc-section\" id=\"Perkthimi_me_shkrim\"><\/span><strong>P\u00ebrkthimi me shkrim<\/strong><span class=\"ez-toc-section-end\"><\/span><\/h3>\n<\/div><\/section><br \/>\n\n<style type=\"text\/css\" data-created_by=\"avia_inline_auto\" id=\"style-css-av-mewvrn-c437eca10aab8dee936bd6e583a1b422\">\n#top .hr.hr-invisible.av-mewvrn-c437eca10aab8dee936bd6e583a1b422{\nheight:20px;\n}\n<\/style>\n<div  class='hr av-mewvrn-c437eca10aab8dee936bd6e583a1b422 hr-invisible  avia-builder-el-11  el_after_av_textblock  el_before_av_textblock '><span class='hr-inner '><span class=\"hr-inner-style\"><\/span><\/span><\/div><br \/>\n<section  class='av_textblock_section av-k7jl43-ea429e417f83e53fbdec111cd28dca7a '   itemscope=\"itemscope\" itemtype=\"https:\/\/schema.org\/CreativeWork\" ><div class='avia_textblock'  itemprop=\"text\" ><p>\u00c7mimi llogaritet n\u00eb var\u00ebsi nga gjat\u00ebsia, v\u00ebshtir\u00ebsia dhe q\u00ebllimi i p\u00ebrdorimit t\u00eb materialit q\u00eb duhet p\u00ebrkthyer. P\u00ebrllogaritja e gjat\u00ebsis\u00eb s\u00eb tekstit, bazuar n\u00eb 55 takte t\u00eb tastatur\u00ebs p\u00ebr \u00e7do rresht (si takt konsiderohen jo vet\u00ebm shkronjat, por dhe boshll\u00ebqet midis tyre), kryhet me ndihm\u00ebn e nj\u00eb programi special p\u00ebr k\u00ebt\u00eb q\u00ebllim. P\u00ebr certifikata, v\u00ebrtetime zyrtare dhe p\u00ebrkthime n\u00eb sasi t\u00eb pakt\u00eb rreshtash ekzistojn\u00eb \u00e7mime fikse. N\u00eb disa raste mund t\u00eb vendoset p\u00ebr \u00e7mimin me marr\u00ebveshje. \u00c7mimit do t\u2019i shtohen shpenzimet e post\u00ebs s\u00eb d\u00ebshiruar.<\/p>\n<\/div><\/section><br \/>\n\n<style type=\"text\/css\" data-created_by=\"avia_inline_auto\" id=\"style-css-av-ik8t9f-a42ecfae353ff79da4acb1dac7e239e8\">\n#top .hr.hr-invisible.av-ik8t9f-a42ecfae353ff79da4acb1dac7e239e8{\nheight:20px;\n}\n<\/style>\n<div  class='hr av-ik8t9f-a42ecfae353ff79da4acb1dac7e239e8 hr-invisible  avia-builder-el-13  el_after_av_textblock  el_before_av_textblock '><span class='hr-inner '><span class=\"hr-inner-style\"><\/span><\/span><\/div><br \/>\n<section  class='av_textblock_section av-i0uann-ad4960a2cc6875117626bd330b78e4dc '   itemscope=\"itemscope\" itemtype=\"https:\/\/schema.org\/CreativeWork\" ><div class='avia_textblock'  itemprop=\"text\" ><h3><span class=\"ez-toc-section\" id=\"Perkthimi_me_goje\"><\/span><strong>P\u00ebrkthimi me goj\u00eb<\/strong><span class=\"ez-toc-section-end\"><\/span><\/h3>\n<\/div><\/section><br \/>\n\n<style type=\"text\/css\" data-created_by=\"avia_inline_auto\" id=\"style-css-av-g5hqpf-458233c0446c0f6a90eedd91aff984fe\">\n#top .hr.hr-invisible.av-g5hqpf-458233c0446c0f6a90eedd91aff984fe{\nheight:20px;\n}\n<\/style>\n<div  class='hr av-g5hqpf-458233c0446c0f6a90eedd91aff984fe hr-invisible  avia-builder-el-15  el_after_av_textblock  el_before_av_textblock '><span class='hr-inner '><span class=\"hr-inner-style\"><\/span><\/span><\/div><br \/>\n<section  class='av_textblock_section av-dkmc1v-d2a66a544acc351e1988dabab51b1f7e '   itemscope=\"itemscope\" itemtype=\"https:\/\/schema.org\/CreativeWork\" ><div class='avia_textblock'  itemprop=\"text\" ><p>Llogaritja b\u00ebhet mbi baz\u00ebn e sasis\u00eb s\u00eb or\u00ebve ose t\u00eb dit\u00ebve, n\u00eb var\u00ebsi nga shkalla e v\u00ebshtir\u00ebsis\u00eb dhe m\u00ebnyra e p\u00ebrkthimit. Shpenzimet shtes\u00eb, nd\u00ebr t\u00eb tjera p\u00ebr fjetje, ushqim e transport do t&#8217;i shtohen llogaris\u00eb sipas kuadrit ligjor gjerman q\u00eb \u00ebsht\u00eb n\u00eb fuqi.<\/p>\n<\/div><\/section><br \/>\n\n<style type=\"text\/css\" data-created_by=\"avia_inline_auto\" id=\"style-css-av-bsby5f-8e4053dd5fa8fabefff96076f12fd768\">\n#top .hr.hr-invisible.av-bsby5f-8e4053dd5fa8fabefff96076f12fd768{\nheight:20px;\n}\n<\/style>\n<div  class='hr av-bsby5f-8e4053dd5fa8fabefff96076f12fd768 hr-invisible  avia-builder-el-17  el_after_av_textblock  el_before_av_textblock '><span class='hr-inner '><span class=\"hr-inner-style\"><\/span><\/span><\/div><br \/>\n<section  class='av_textblock_section av-aj97xv-394d793b756a9560575ca5f526ba9d9a '   itemscope=\"itemscope\" itemtype=\"https:\/\/schema.org\/CreativeWork\" ><div class='avia_textblock'  itemprop=\"text\" ><h3><span class=\"ez-toc-section\" id=\"Mesimi_i_gjuhes\"><\/span><strong>M\u00ebsimi i gjuh\u00ebs<\/strong><span class=\"ez-toc-section-end\"><\/span><\/h3>\n<\/div><\/section><br \/>\n\n<style type=\"text\/css\" data-created_by=\"avia_inline_auto\" id=\"style-css-av-8l1kkj-d2b19cb492596e323fc9968fc9d0a4bb\">\n#top .hr.hr-invisible.av-8l1kkj-d2b19cb492596e323fc9968fc9d0a4bb{\nheight:20px;\n}\n<\/style>\n<div  class='hr av-8l1kkj-d2b19cb492596e323fc9968fc9d0a4bb hr-invisible  avia-builder-el-19  el_after_av_textblock  el_before_av_textblock '><span class='hr-inner '><span class=\"hr-inner-style\"><\/span><\/span><\/div><br \/>\n<section  class='av_textblock_section av-79lr37-0261fa8b8531ce01363e933ff71ea4bb '   itemscope=\"itemscope\" itemtype=\"https:\/\/schema.org\/CreativeWork\" ><div class='avia_textblock'  itemprop=\"text\" ><p>Or\u00ebt e m\u00ebsimdh\u00ebnies llogariten sipas koh\u00ebzgjatjes, v\u00ebshtir\u00ebsis\u00eb dhe denduris\u00eb. Shpenzimet shtes\u00eb, nd\u00ebr t\u00eb tjera p\u00ebr fjetje, ushqim, transport e materiale, do t&#8217;i shtohen llogaris\u00eb\u00a0sipas kuadrit ligjor gjerman q\u00eb \u00ebsht\u00eb n\u00eb fuqi.<\/p>\n<p>P\u00ebr paketa me nga 10 or\u00eb m\u00ebsimi ofroj nj\u00eb \u00e7mim fiks me rabat.<\/p>\n<\/div><\/section><\/p><\/div>\n<div  class='avia-button-wrap av-libyq9b6-8c96f4245150014dc07b6d2c9eb194dc-wrap avia-button-center  avia-builder-el-21  el_after_av_one_full  avia-builder-el-last '><a href='https:\/\/albanisch-muenchen.de\/sq\/'  class='avia-button av-libyq9b6-8c96f4245150014dc07b6d2c9eb194dc av-link-btn avia-icon_select-yes-left-icon avia-size-small avia-position-center avia-color-theme-color'   aria-label=\"Homepage\"><span class='avia_button_icon avia_button_icon_left avia-iconfont avia-font-entypo-fontello' data-av_icon='\ue821' data-av_iconfont='entypo-fontello' ><\/span><span class='avia_iconbox_title' >Homepage<\/span><\/a><\/div>\n","protected":false},"excerpt":{"rendered":"","protected":false},"author":1,"featured_media":0,"parent":0,"menu_order":0,"comment_status":"closed","ping_status":"closed","template":"","meta":{"footnotes":""},"class_list":["post-6602","page","type-page","status-publish","hentry"],"_links":{"self":[{"href":"https:\/\/albanisch-muenchen.de\/sq\/wp-json\/wp\/v2\/pages\/6602","targetHints":{"allow":["GET"]}}],"collection":[{"href":"https:\/\/albanisch-muenchen.de\/sq\/wp-json\/wp\/v2\/pages"}],"about":[{"href":"https:\/\/albanisch-muenchen.de\/sq\/wp-json\/wp\/v2\/types\/page"}],"author":[{"embeddable":true,"href":"https:\/\/albanisch-muenchen.de\/sq\/wp-json\/wp\/v2\/users\/1"}],"replies":[{"embeddable":true,"href":"https:\/\/albanisch-muenchen.de\/sq\/wp-json\/wp\/v2\/comments?post=6602"}],"version-history":[{"count":0,"href":"https:\/\/albanisch-muenchen.de\/sq\/wp-json\/wp\/v2\/pages\/6602\/revisions"}],"wp:attachment":[{"href":"https:\/\/albanisch-muenchen.de\/sq\/wp-json\/wp\/v2\/media?parent=6602"}],"curies":[{"name":"wp","href":"https:\/\/api.w.org\/{rel}","templated":true}]}}